{"id":14171,"date":"2024-12-17T14:34:19","date_gmt":"2024-12-17T13:34:19","guid":{"rendered":"https:\/\/axomethod.com\/?post_type=product&#038;p=14171"},"modified":"2024-12-17T16:49:34","modified_gmt":"2024-12-17T15:49:34","slug":"axo-method-body-treatment-gift-voucher-bordeaux-with-carole","status":"publish","type":"product","link":"https:\/\/axomethod.com\/fr\/produit\/axo-method-body-treatment-gift-voucher-bordeaux-with-carole\/","title":{"rendered":"Bon Cadeau pour un Soin Corps AXO Method \u2013 Bordeaux avec Carole"},"content":{"rendered":"<h3 class=\"mb-2 last:mb-0\"><strong>Les bienfaits de notre soin :<\/strong><\/h3>\n<ul>\n<li><strong>Relaxation profonde :<\/strong> Gr\u00e2ce \u00e0 des techniques de massage avanc\u00e9es, la m\u00e9thode AXO lib\u00e8re les tensions musculaires et offre une d\u00e9tente totale du corps et de l\u2019esprit.<\/li>\n<li><strong>Circulation am\u00e9lior\u00e9e :<\/strong> Le \u00ab scooping \u00bb ost\u00e9opathique et d\u2019autres techniques sp\u00e9cialis\u00e9es stimulent la circulation sanguine, optimisant l\u2019oxyg\u00e9nation des tissus.<\/li>\n<li><strong>R\u00e9duction du stress :<\/strong> Nos massages favorisent la lib\u00e9ration des endorphines, les hormones du bien-\u00eatre, r\u00e9duisant efficacement le stress et am\u00e9liorant l\u2019humeur.<\/li>\n<li><strong>Flexibilit\u00e9 accrue :<\/strong> Les \u00e9tirements passifs int\u00e9gr\u00e9s augmentent la souplesse musculaire, pr\u00e9viennent les blessures et am\u00e9liorent la mobilit\u00e9.<\/li>\n<li><strong>R\u00e9alignement du corps :<\/strong> Les techniques ost\u00e9opathiques aident \u00e0 r\u00e9aligner les tissus mous, renfor\u00e7ant la posture et le bon fonctionnement du corps.<\/li>\n<li><strong>Drainage lymphatique :<\/strong> En stimulant le syst\u00e8me lymphatique, la m\u00e9thode AXO favorise l\u2019\u00e9limination des toxines et soutient la sant\u00e9 globale.<\/li>\n<li><strong>Bien-\u00eatre global :<\/strong> En prenant en compte \u00e0 la fois le corps et l\u2019esprit, cette approche holistique offre un \u00e9quilibre total pour un bien-\u00eatre durable.<\/li>\n<li><strong>D\u00e9tente musculaire profonde :<\/strong> Des mouvements cibl\u00e9s permettent de rel\u00e2cher en profondeur les tensions musculaires, pour une relaxation incomparable.<\/li>\n<li><strong>Stimulation du syst\u00e8me immunitaire :<\/strong> En am\u00e9liorant la circulation sanguine et lymphatique, la m\u00e9thode AXO renforce les d\u00e9fenses naturelles de l\u2019organisme.<\/li>\n<li><strong>Une exp\u00e9rience sur mesure :<\/strong> Chaque soin est personnalis\u00e9 en fonction de vos besoins, pour une prise en charge parfaitement adapt\u00e9e.<\/li>\n<\/ul>\n<h3 class=\"mb-2 last:mb-0\"><strong>Comment utiliser votre bon cadeau :<\/strong><\/h3>\n<ol>\n<li>Commandez et t\u00e9l\u00e9chargez votre bon cadeau directement en ligne.<\/li>\n<li>Planifiez votre rendez-vous en contactant votre th\u00e9rapeute, Carole, au 06.76.33.77.31.<\/li>\n<li>Donnez votre num\u00e9ro de commande et r\u00e9servez votre rendez-vous avec votre th\u00e9rapeute.<\/li>\n<li>Profitez d\u2019un moment unique de d\u00e9tente et de bien-\u00eatre avec la m\u00e9thode AXO.<\/li>\n<\/ol>","protected":false},"excerpt":{"rendered":"<h2 class=\"mb-2 last:mb-0\"><strong>Offrez du Bien-\u00eatre\u00a0<\/strong><\/h2>\n<h3>Avec notre soin corps de la M\u00e9thode AXO \u00e0 Bordeaux avec Carole<\/h3>\n<p class=\"mb-2 last:mb-0\">Cette ann\u00e9e, offrez un v\u00e9ritable moment de bien-\u00eatre et de r\u00e9g\u00e9n\u00e9ration avec un bon cadeau AXO Method pour notre soin corps prim\u00e9. Id\u00e9al pour ceux qui recherchent une exp\u00e9rience unique et transformative.\n\nCe soin signature, disponible \u00e0 Bordeaux, associe l\u2019expertise de notre talentueuse th\u00e9rapeute, Carole, \u00e0 l\u2019excellence reconnue de la m\u00e9thode AXO.<\/p>","protected":false},"featured_media":5417,"comment_status":"open","ping_status":"closed","template":"","meta":{"pmpro_default_level":""},"product_brand":[],"product_cat":[43],"product_tag":[],"class_list":{"0":"post-14171","1":"product","2":"type-product","3":"status-publish","4":"has-post-thumbnail","6":"product_cat-bordeaux","7":"pmpro-has-access","9":"first","10":"instock","11":"downloadable","12":"taxable","13":"shipping-taxable","14":"purchasable","15":"product-type-simple"},"_links":{"self":[{"href":"https:\/\/axomethod.com\/fr\/wp-json\/wp\/v2\/product\/14171","targetHints":{"allow":["GET"]}}],"collection":[{"href":"https:\/\/axomethod.com\/fr\/wp-json\/wp\/v2\/product"}],"about":[{"href":"https:\/\/axomethod.com\/fr\/wp-json\/wp\/v2\/types\/product"}],"replies":[{"embeddable":true,"href":"https:\/\/axomethod.com\/fr\/wp-json\/wp\/v2\/comments?post=14171"}],"wp:featuredmedia":[{"embeddable":true,"href":"https:\/\/axomethod.com\/fr\/wp-json\/wp\/v2\/media\/5417"}],"wp:attachment":[{"href":"https:\/\/axomethod.com\/fr\/wp-json\/wp\/v2\/media?parent=14171"}],"wp:term":[{"taxonomy":"product_brand","embeddable":true,"href":"https:\/\/axomethod.com\/fr\/wp-json\/wp\/v2\/product_brand?post=14171"},{"taxonomy":"product_cat","embeddable":true,"href":"https:\/\/axomethod.com\/fr\/wp-json\/wp\/v2\/product_cat?post=14171"},{"taxonomy":"product_tag","embeddable":true,"href":"https:\/\/axomethod.com\/fr\/wp-json\/wp\/v2\/product_tag?post=14171"}],"curies":[{"name":"wp","href":"https:\/\/api.w.org\/{rel}","templated":true}]}}