{"id":14159,"date":"2024-12-16T19:36:33","date_gmt":"2024-12-16T18:36:33","guid":{"rendered":"https:\/\/axomethod.com\/?post_type=product&#038;p=14159"},"modified":"2024-12-19T10:43:41","modified_gmt":"2024-12-19T09:43:41","slug":"axo-method-face-treatment-gift-voucher-limoges","status":"publish","type":"product","link":"https:\/\/axomethod.com\/fr\/produit\/axo-method-face-treatment-gift-voucher-limoges\/","title":{"rendered":"AXO Method Face Treatment Gift Voucher &#8211; Limoges"},"content":{"rendered":"<p class=\"mb-2 last:mb-0\"><strong>Les bienfaits de notre soin :<\/strong><\/p>\n<ul>\n<li><strong>\u00c9clat de la peau :<\/strong> La M\u00e9thode AXO utilise des techniques faciales avanc\u00e9es pour am\u00e9liorer la luminosit\u00e9 de la peau, vous laissant avec un \u00e9clat naturel et sain.<\/li>\n<li><strong>Circulation Am\u00e9lior\u00e9e :<\/strong> \u00c0 travers des mouvements ost\u00e9opathiques doux, nous stimulons le flux sanguin facial, assurant une oxyg\u00e9nation et une distribution de nutriments optimales \u00e0 la peau.<\/li>\n<li><strong>Soulagement du Stress :<\/strong> Nos techniques de massage facial apaisantes aident \u00e0 lib\u00e9rer les tensions, favorisant la relaxation et un sentiment de calme.<\/li>\n<li><strong>Fermet\u00e9 de la Peau :<\/strong> Les traitements cibl\u00e9s travaillent \u00e0 tonifier et raffermir la peau, r\u00e9duisant l'apparence des ridules et des rides.<\/li>\n<li><strong>D\u00e9toxification :<\/strong> Les techniques de drainage lymphatique aident \u00e0 \u00e9liminer les toxines, nettoyant la peau pour une apparence plus fra\u00eeche.<\/li>\n<li><strong>Bien-\u00eatre global :<\/strong> Au-del\u00e0 des soins de la peau, notre soin visage favorise le bien-\u00eatre g\u00e9n\u00e9ral, \u00e9quilibrant \u00e0 la fois le corps et l'esprit.<\/li>\n<li><strong>\u00c9lasticit\u00e9 Am\u00e9lior\u00e9e :<\/strong> En favorisant la production de collag\u00e8ne, nos traitements am\u00e9liorent l'\u00e9lasticit\u00e9 et la tonicit\u00e9 de la peau.<\/li>\n<li><strong>Soutien Immunitaire :<\/strong> En stimulant la circulation, la M\u00e9thode AXO aide \u00e0 soutenir les m\u00e9canismes de d\u00e9fense naturels de la peau.<\/li>\n<\/ul>","protected":false},"excerpt":{"rendered":"<h2 class=\"mb-2 last:mb-0\"><strong>Offrez un soin r\u00e9g\u00e9n\u00e9rant\u00a0<\/strong><\/h2>\n<h3>Avec notre soin visage AXO Methode \u00e0 Limoges propos\u00e9 par Marie-Clotilde<\/h3>\n<p class=\"mb-2 last:mb-0\">Parfait pour ceux qui recherchent une exp\u00e9rience de soin transformante, notre soin visage signature, disponible \u00e0 Limoges, combine l'expertise de notre th\u00e9rapeute Marie-Clotilde, avec notre technique signature de la M\u00e9thode AXO.<\/p>","protected":false},"featured_media":9099,"comment_status":"open","ping_status":"closed","template":"","meta":{"pmpro_default_level":""},"product_brand":[],"product_cat":[44],"product_tag":[],"class_list":{"0":"post-14159","1":"product","2":"type-product","3":"status-publish","4":"has-post-thumbnail","6":"product_cat-limoges","7":"pmpro-has-access","9":"first","10":"instock","11":"downloadable","12":"taxable","13":"shipping-taxable","14":"purchasable","15":"product-type-simple"},"_links":{"self":[{"href":"https:\/\/axomethod.com\/fr\/wp-json\/wp\/v2\/product\/14159","targetHints":{"allow":["GET"]}}],"collection":[{"href":"https:\/\/axomethod.com\/fr\/wp-json\/wp\/v2\/product"}],"about":[{"href":"https:\/\/axomethod.com\/fr\/wp-json\/wp\/v2\/types\/product"}],"replies":[{"embeddable":true,"href":"https:\/\/axomethod.com\/fr\/wp-json\/wp\/v2\/comments?post=14159"}],"wp:featuredmedia":[{"embeddable":true,"href":"https:\/\/axomethod.com\/fr\/wp-json\/wp\/v2\/media\/9099"}],"wp:attachment":[{"href":"https:\/\/axomethod.com\/fr\/wp-json\/wp\/v2\/media?parent=14159"}],"wp:term":[{"taxonomy":"product_brand","embeddable":true,"href":"https:\/\/axomethod.com\/fr\/wp-json\/wp\/v2\/product_brand?post=14159"},{"taxonomy":"product_cat","embeddable":true,"href":"https:\/\/axomethod.com\/fr\/wp-json\/wp\/v2\/product_cat?post=14159"},{"taxonomy":"product_tag","embeddable":true,"href":"https:\/\/axomethod.com\/fr\/wp-json\/wp\/v2\/product_tag?post=14159"}],"curies":[{"name":"wp","href":"https:\/\/api.w.org\/{rel}","templated":true}]}}