{"id":15186,"date":"2025-08-28T14:51:00","date_gmt":"2025-08-28T12:51:00","guid":{"rendered":"https:\/\/axomethod.com\/?page_id=15186"},"modified":"2025-09-08T13:05:06","modified_gmt":"2025-09-08T11:05:06","slug":"our-story","status":"publish","type":"page","link":"https:\/\/axomethod.com\/fr\/our-story\/","title":{"rendered":"Notre histoire"},"content":{"rendered":"<div data-colibri-id=\"15186-c1\" class=\"style-10534 style-local-15186-c1 position-relative\">\n  <!---->\n  <div data-colibri-component=\"section\" data-colibri-id=\"15186-c2\" id=\"header\" class=\"h-section h-section-global-spacing d-flex align-items-lg-center align-items-md-center align-items-center style-10535 style-local-15186-c2 position-relative\">\n    <div class=\"background-wrapper\">\n      <div class=\"background-layer background-layer-media-container-lg\">\n        <div data-enabled=\"true\" data-colibri-component=\"parallax\" class=\"background-layer paraxify\" style=\"background-image: url(&quot;http:\/\/axomethod.com\/wp-content\/uploads\/2022\/05\/vincent-botta-eouEtrJf844-unsplash-scaled.jpg&quot;);\" model-id=\"15186-c2\"\n          media=\"desktop\" is-preview=\"true\"><\/div>\n        <div class=\"overlay-layer\">\n          <div class=\"overlay-image-layer\" style=\"background-color: rgb(0, 0, 0); opacity: 0.5;\"><\/div>\n        <\/div>\n      <\/div>\n      <div class=\"background-layer background-layer-media-container-md\">\n        <div data-enabled=\"true\" data-colibri-component=\"parallax\" class=\"background-layer paraxify\" style=\"background-image: url(&quot;http:\/\/axomethod.com\/wp-content\/uploads\/2022\/05\/vincent-botta-eouEtrJf844-unsplash-scaled.jpg&quot;);\" model-id=\"15186-c2\"\n          media=\"tablet\" is-preview=\"true\"><\/div>\n        <div class=\"overlay-layer\">\n          <div class=\"overlay-image-layer\" style=\"background-color: rgb(0, 0, 0); opacity: 0.5;\"><\/div>\n        <\/div>\n      <\/div>\n      <div class=\"background-layer background-layer-media-container\">\n        <div data-enabled=\"true\" data-colibri-component=\"parallax\" class=\"background-layer paraxify\" style=\"background-image: url(&quot;http:\/\/axomethod.com\/wp-content\/uploads\/2022\/05\/vincent-botta-eouEtrJf844-unsplash-scaled.jpg&quot;);\" model-id=\"15186-c2\"\n          media=\"mobile\" is-preview=\"true\"><\/div>\n        <div class=\"overlay-layer\">\n          <div class=\"overlay-image-layer\" style=\"background-color: rgb(0, 0, 0); opacity: 0.5;\"><\/div>\n        <\/div>\n      <\/div>\n    <\/div>\n    <!---->\n    <div class=\"h-section-grid-container h-section-boxed-container\">\n      <!---->\n      <div data-colibri-id=\"15186-c3\" class=\"h-row-container gutters-row-lg-2 gutters-row-md-2 gutters-row-0 gutters-row-v-lg-2 gutters-row-v-md-2 gutters-row-v-2 style-10536 style-local-15186-c3 position-relative\">\n        <!---->\n        <div class=\"h-row justify-content-lg-center justify-content-md-center justify-content-center align-items-lg-stretch align-items-md-stretch align-items-stretch gutters-col-lg-2 gutters-col-md-2 gutters-col-0 gutters-col-v-lg-2 gutters-col-v-md-2 gutters-col-v-2\">\n          <!---->\n          <div class=\"h-column h-column-container d-flex h-col-lg-auto h-col-md-auto h-col-auto style-10537-outer style-local-15186-c4-outer\">\n            <div data-colibri-id=\"15186-c4\" class=\"d-flex h-flex-basis h-column__inner h-px-lg-2 h-px-md-2 h-px-2 v-inner-lg-2 v-inner-md-2 v-inner-2 style-10537 style-local-15186-c4 position-relative\">\n              <!---->\n              <!---->\n              <div class=\"w-100 h-y-container h-column__content h-column__v-align flex-basis-100 align-self-lg-start align-self-md-start align-self-start\">\n                <!---->\n                <div data-colibri-id=\"15186-c5\" class=\"h-global-transition-all h-heading style-10538 style-local-15186-c5 position-relative h-element\">\n                  <!---->\n                  <div class=\"h-heading__outer style-10538 style-local-15186-c5\">\n                    <!---->\n                    <!---->\n                    <h1 class=\"\">Notre histoire<\/h1>\n                  <\/div>\n                <\/div>\n              <\/div>\n            <\/div>\n          <\/div>\n        <\/div>\n      <\/div>\n    <\/div>\n  <\/div>\n  <div data-colibri-component=\"section\" data-colibri-id=\"15186-c6\" id=\"mission\" class=\"h-section h-section-global-spacing d-flex align-items-lg-center align-items-md-center align-items-center style-10546 style-local-15186-c6 position-relative\">\n    <!---->\n    <!---->\n    <div class=\"h-section-grid-container h-section-boxed-container\">\n      <!---->\n      <div data-colibri-id=\"15186-c7\" class=\"h-row-container gutters-row-lg-2 gutters-row-md-2 gutters-row-0 gutters-row-v-lg-2 gutters-row-v-md-2 gutters-row-v-2 style-10547 style-local-15186-c7 position-relative\">\n        <!---->\n        <div class=\"h-row justify-content-lg-center justify-content-md-center justify-content-center align-items-lg-stretch align-items-md-stretch align-items-stretch gutters-col-lg-2 gutters-col-md-2 gutters-col-0 gutters-col-v-lg-2 gutters-col-v-md-2 gutters-col-v-2\">\n          <!---->\n          <div class=\"h-column h-column-container d-flex h-col-lg-auto h-col-md-auto h-col-auto style-10548-outer style-local-15186-c8-outer\">\n            <div data-colibri-id=\"15186-c8\" class=\"d-flex h-flex-basis h-column__inner h-ui-empty-state-container h-px-lg-2 h-px-md-2 h-px-2 v-inner-lg-2 v-inner-md-2 v-inner-2 style-10548 style-local-15186-c8 position-relative\">\n              <!---->\n              <!---->\n              <div class=\"w-100 h-y-container h-column__content h-column__v-align flex-basis-100\">\n                <!---->\n              <\/div>\n            <\/div>\n          <\/div>\n          <div class=\"h-column h-column-container d-flex h-col-lg-auto h-col-md-auto h-col-auto style-10550-outer style-local-15186-c9-outer\">\n            <div data-colibri-id=\"15186-c9\" class=\"d-flex h-flex-basis h-column__inner h-px-lg-2 h-px-md-2 h-px-2 v-inner-lg-2 v-inner-md-2 v-inner-2 style-10550 style-local-15186-c9 position-relative\">\n              <!---->\n              <!---->\n              <div class=\"w-100 h-y-container h-column__content h-column__v-align flex-basis-100 align-self-lg-center align-self-md-center align-self-center\">\n                <!---->\n                <div data-colibri-id=\"15186-c10\" class=\"h-global-transition-all h-heading style-10551 style-local-15186-c10 position-relative h-element\">\n                  <!---->\n                  <div class=\"h-heading__outer style-10551 style-local-15186-c10\">\n                    <!---->\n                    <!---->\n                    <h3 class=\"\">Une Vision Partag\u00e9e <span style=\"font-family: Cinzel;\">de la R\u00e9g\u00e9n\u00e9ration<\/span><\/h3>\n                  <\/div>\n                <\/div>\n                <div data-colibri-id=\"15186-c11\" class=\"h-text h-text-component style-10552 style-local-15186-c11 position-relative h-element\">\n                  <!---->\n                  <!---->\n                  <div class=\"\">\n                    <p>La m\u00e9thode AXO est n\u00e9e du parcours commun de Guillaume et Charlotte, un couple qui a \u00e9volu\u00e9 ensemble, tant sur le plan personnel que professionnel, depuis pr\u00e8s de vingt ans.<\/p>\n                    <p>Guillaume a commenc\u00e9 sa carri\u00e8re en clinique en tant que psychomotricien, travaillant sur la r\u00e9\u00e9ducation et la performance motrice en France. Au fil du temps, il a constat\u00e9 que l\u2019inflammation syst\u00e9mique \u00e9tait au c\u0153ur de nombreux probl\u00e8mes de sant\u00e9 rencontr\u00e9s par ses patients, allant du stress et de la fatigue aux douleurs chroniques. Il est rapidement devenu convaincu que le massage et le travail corporel pouvaient aller bien au-del\u00e0 d\u2019un simple soulagement temporaire, devenant de v\u00e9ritables outils pour une r\u00e9cup\u00e9ration profonde et une pr\u00e9vention durable.<\/p>\n                    <p>Charlotte, quant \u00e0 elle, a construit sa carri\u00e8re dans le marketing et la culture d\u2019entreprise, \u0153uvrant \u00e0 travers l\u2019Europe pour aider les entreprises \u00e0 renforcer leurs \u00e9quipes et am\u00e9liorer leur sant\u00e9 globale. Pendant la pand\u00e9mie de Covid-19, elle a pu observer directement l\u2019impact du stress et de l\u2019\u00e9puisement sur les organisations. Lorsque Guillaume lui a pr\u00e9sent\u00e9 sa vision d\u2019une m\u00e9thode capable de transformer le bien-\u00eatre, elle a imm\u00e9diatement su que ses comp\u00e9tences seraient pr\u00e9cieuses pour donner vie \u00e0 ce projet.<\/p>\n                    <p>Ils ont d\u00e9cid\u00e9 de se lancer ensemble. Guillaume a d\u00e9velopp\u00e9 et affin\u00e9 le traitement, s\u2019appuyant sur des ann\u00e9es de recherche et de pratique, tandis que Charlotte a fa\u00e7onn\u00e9 la strat\u00e9gie de marque et de d\u00e9veloppement commercial. Apr\u00e8s s\u2019\u00eatre enti\u00e8rement investis dans cette aventure, la m\u00e9thode AXO est n\u00e9e : <span style=\"font-weight: 600;\">proposant un cadre de bien-\u00eatre unique, con\u00e7u pour r\u00e9duire l\u2019inflammation, optimiser la r\u00e9cup\u00e9ration et renforcer la r\u00e9silience.<\/span><\/p>\n                  <\/div>\n                <\/div>\n                <div data-colibri-id=\"15186-c18\" class=\"h-x-container style-11427 style-local-15186-c18 position-relative h-element\">\n                  <!---->\n                  <div class=\"h-x-container-inner style-dynamic-15186-c18-group style-11427-spacing style-local-15186-c18-spacing\"><span class=\"h-button__outer style-11428-outer style-local-15186-c19-outer d-inline-flex h-element\"><a h-use-smooth-scroll=\"true\" href=\"https:\/\/axomethod.com\/fr\/about-us\/\"  data-colibri-id=\"15186-c19\" class=\"d-flex w-100 align-items-center h-button justify-content-lg-center justify-content-md-center justify-content-center style-11428 style-local-15186-c19 position-relative\"><!----><!----> <span>Read our business vision and mission<\/span><\/a>\n                    <\/span><span class=\"h-button__outer style-11429-outer style-local-15186-c21-outer d-inline-flex h-element\"><a h-use-smooth-scroll=\"true\" href=\"https:\/\/axomethod.com\/fr\/our-treatment\/\"  data-colibri-id=\"15186-c21\" class=\"d-flex w-100 align-items-center h-button justify-content-lg-center justify-content-md-center justify-content-center style-11429 style-local-15186-c21 position-relative\"><!----><!----> <span>Discover the treatments we offer<\/span><\/a>\n                    <\/span>\n                  <\/div>\n                <\/div>\n              <\/div>\n            <\/div>\n          <\/div>\n        <\/div>\n      <\/div>\n    <\/div>\n  <\/div>\n  <div data-colibri-component=\"section\" data-colibri-id=\"15186-c12\" id=\"vision\" class=\"h-section h-section-global-spacing d-flex align-items-lg-center align-items-md-center align-items-center style-10553 style-local-15186-c12 position-relative\">\n    <!---->\n    <!---->\n    <div class=\"h-section-grid-container h-section-boxed-container\">\n      <!---->\n      <div data-colibri-id=\"15186-c13\" class=\"h-row-container gutters-row-lg-0 gutters-row-md-0 gutters-row-0 gutters-row-v-lg-0 gutters-row-v-md-0 gutters-row-v-0 style-10554 style-local-15186-c13 position-relative\">\n        <!---->\n        <div class=\"h-row justify-content-lg-center justify-content-md-center justify-content-center align-items-lg-stretch align-items-md-stretch align-items-stretch gutters-col-lg-0 gutters-col-md-0 gutters-col-0 gutters-col-v-lg-0 gutters-col-v-md-0 gutters-col-v-0\">\n          <!---->\n          <div class=\"h-column h-column-container d-flex h-col-lg-auto h-col-md-auto h-col-auto style-10555-outer style-local-15186-c14-outer\">\n            <div data-colibri-id=\"15186-c14\" class=\"d-flex h-flex-basis h-column__inner h-px-lg-1 h-px-md-1 h-px-1 v-inner-lg-1 v-inner-md-1 v-inner-1 style-10555 style-local-15186-c14 position-relative\">\n              <!---->\n              <!---->\n              <div class=\"w-100 h-y-container h-column__content h-column__v-align flex-basis-100 align-self-lg-start align-self-md-start align-self-start\">\n                <!---->\n                <div data-colibri-id=\"15186-c15\" class=\"h-global-transition-all h-heading style-10556 style-local-15186-c15 position-relative h-element\">\n                  <!---->\n                  <div class=\"h-heading__outer style-10556 style-local-15186-c15\">\n                    <!---->\n                    <!---->\n                    <h3 class=\"\">Le sens\n                      <br>de notre nom<\/h3>\n                  <\/div>\n                <\/div>\n                <div data-colibri-id=\"15186-c16\" class=\"h-text h-text-component style-10557 style-local-15186-c16 position-relative h-element\">\n                  <!---->\n                  <!---->\n                  <div class=\"\">\n                    <p>Le nom AXO porte deux niveaux de sens.<\/p>\n                    <p>Tout d\u2019abord, il s\u2019inspire de l\u2019axolotl, une cr\u00e9ature extraordinaire r\u00e9put\u00e9e pour sa capacit\u00e9 \u00e0 se r\u00e9g\u00e9n\u00e9rer. Tout comme l\u2019axolotl restaure et renouvelle son corps, la m\u00e9thode AXO vise \u00e0 aider le corps \u00e0 r\u00e9cup\u00e9rer, r\u00e9duire l\u2019inflammation et retrouver son \u00e9quilibre.<\/p>\n                    <p>Ensuite, le mot AXO renvoie aux racines linguistiques anciennes de l\u2019alignement. Les termes \u00ab axis \u00bb et le pr\u00e9fixe \u00ab axo- \u00bb proviennent d\u2019une racine indo-europ\u00e9enne signifiant \u00ab essieu \u00bb ou \u00ab axe \u00bb. En latin, cela est devenu axis, puis en grec \u00e1x\u014dn, terme repris en sciences modernes pour d\u00e9signer l\u2019axone, le chemin par lequel les signaux nerveux circulent.<\/p>\n                    <p>Pour nous, AXO symbolise \u00e0 la fois le r\u00e9alignement et la r\u00e9g\u00e9n\u00e9ration. Il repr\u00e9sente la capacit\u00e9 du corps \u00e0 restaurer son axe naturel, r\u00e9tablissant structure, \u00e9nergie et r\u00e9silience dans un \u00e9quilibre harmonieux.<\/p>\n                  <\/div>\n                <\/div>\n                <div data-colibri-id=\"15186-c22\" class=\"h-x-container style-11430 style-local-15186-c22 position-relative h-element\">\n                  <!---->\n                  <div class=\"h-x-container-inner style-dynamic-15186-c22-group style-11430-spacing style-local-15186-c22-spacing\"><span class=\"h-button__outer style-11428-outer style-local-15186-c23-outer d-inline-flex h-element\"><a h-use-smooth-scroll=\"true\" href=\"https:\/\/axomethod.com\/fr\/our-team\/\"  data-colibri-id=\"15186-c23\" class=\"d-flex w-100 align-items-center h-button justify-content-lg-center justify-content-md-center justify-content-center style-11428 style-local-15186-c23 position-relative\"><!----><!----> <span>Notre r\u00e9seau de th\u00e9rapeutes<\/span><\/a>\n                    <\/span><span class=\"h-button__outer style-11432-outer style-local-15186-c24-outer d-inline-flex h-element\"><a h-use-smooth-scroll=\"true\" href=\"https:\/\/axomethod.com\/fr\/premium-treatment\/\"  data-colibri-id=\"15186-c24\" class=\"d-flex w-100 align-items-center h-button justify-content-lg-center justify-content-md-center justify-content-center style-11432 style-local-15186-c24 position-relative\"><!----><!----> <span>R\u00e9server votre session avec le fondateur<\/span><\/a>\n                    <\/span>\n                  <\/div>\n                <\/div>\n              <\/div>\n            <\/div>\n          <\/div>\n          <div class=\"h-column h-column-container d-flex h-col-lg-auto h-col-md-auto h-col-auto style-10558-outer style-local-15186-c17-outer\">\n            <div data-colibri-id=\"15186-c17\" class=\"d-flex h-flex-basis h-column__inner h-ui-empty-state-container h-px-lg-2 h-px-md-2 h-px-2 v-inner-lg-2 v-inner-md-2 v-inner-2 style-10558 style-local-15186-c17 position-relative\">\n              <!---->\n              <!---->\n              <div class=\"w-100 h-y-container h-column__content h-column__v-align flex-basis-100\">\n                <!---->\n              <\/div>\n            <\/div>\n          <\/div>\n        <\/div>\n      <\/div>\n    <\/div>\n  <\/div>\n<\/div>","protected":false},"excerpt":{"rendered":"<p>Our story A Shared Vision of Regeneration The AXO Method was born from the shared journey of Guillaume and Charlotte, a couple who have grown together personally and professionally for nearly two decades. Guillaume\u2019s career began in clinical practice, where he studied rehabilitation sciences and manual therapy in France. Over time, he observed how systemic [&hellip;]<\/p>","protected":false},"author":1,"featured_media":0,"parent":0,"menu_order":0,"comment_status":"closed","ping_status":"closed","template":"page-templates\/full-width-page.php","meta":{"pmpro_default_level":"","footnotes":""},"class_list":["post-15186","page","type-page","status-publish","hentry","pmpro-has-access"],"_links":{"self":[{"href":"https:\/\/axomethod.com\/fr\/wp-json\/wp\/v2\/pages\/15186","targetHints":{"allow":["GET"]}}],"collection":[{"href":"https:\/\/axomethod.com\/fr\/wp-json\/wp\/v2\/pages"}],"about":[{"href":"https:\/\/axomethod.com\/fr\/wp-json\/wp\/v2\/types\/page"}],"author":[{"embeddable":true,"href":"https:\/\/axomethod.com\/fr\/wp-json\/wp\/v2\/users\/1"}],"replies":[{"embeddable":true,"href":"https:\/\/axomethod.com\/fr\/wp-json\/wp\/v2\/comments?post=15186"}],"version-history":[{"count":6,"href":"https:\/\/axomethod.com\/fr\/wp-json\/wp\/v2\/pages\/15186\/revisions"}],"predecessor-version":[{"id":15598,"href":"https:\/\/axomethod.com\/fr\/wp-json\/wp\/v2\/pages\/15186\/revisions\/15598"}],"wp:attachment":[{"href":"https:\/\/axomethod.com\/fr\/wp-json\/wp\/v2\/media?parent=15186"}],"curies":[{"name":"wp","href":"https:\/\/api.w.org\/{rel}","templated":true}]}}