{"id":14703,"date":"2025-06-23T17:31:44","date_gmt":"2025-06-23T15:31:44","guid":{"rendered":"https:\/\/axomethod.com\/?page_id=14703"},"modified":"2025-09-02T11:56:49","modified_gmt":"2025-09-02T09:56:49","slug":"the-regenerating-space","status":"publish","type":"page","link":"https:\/\/axomethod.com\/fr\/the-regenerating-space\/","title":{"rendered":"The Regenerating Space"},"content":{"rendered":"<div data-colibri-id=\"14703-c1\" class=\"style-10059 style-local-14703-c1 position-relative\">\n  <!---->\n  <div data-colibri-component=\"section\" data-colibri-id=\"14703-c2\" id=\"reusable-sections\" class=\"h-section h-section-global-spacing d-flex align-items-lg-center align-items-md-center align-items-center style-10060 style-local-14703-c2 position-relative\">\n    <div class=\"background-wrapper\">\n      <div class=\"background-layer background-layer-media-container-lg\">\n        <div data-enabled=\"true\" data-colibri-component=\"parallax\" class=\"background-layer paraxify\" style=\"background-image: url(&quot;https:\/\/axomethod.com\/wp-content\/uploads\/2022\/05\/vincent-botta-eouEtrJf844-unsplash-scaled.jpg&quot;);\" model-id=\"14703-c2\"\n          media=\"desktop\" is-preview=\"true\"><\/div>\n        <div class=\"overlay-layer\">\n          <div class=\"overlay-image-layer\" style=\"background-color: rgb(0, 0, 0); opacity: 0.5;\"><\/div>\n        <\/div>\n      <\/div>\n      <div class=\"background-layer background-layer-media-container-md\">\n        <div data-enabled=\"true\" data-colibri-component=\"parallax\" class=\"background-layer paraxify\" style=\"background-image: url(&quot;https:\/\/axomethod.com\/wp-content\/uploads\/2022\/05\/vincent-botta-eouEtrJf844-unsplash-scaled.jpg&quot;);\" model-id=\"14703-c2\"\n          media=\"tablet\" is-preview=\"true\"><\/div>\n        <div class=\"overlay-layer\">\n          <div class=\"overlay-image-layer\" style=\"background-color: rgb(0, 0, 0); opacity: 0.5;\"><\/div>\n        <\/div>\n      <\/div>\n      <div class=\"background-layer background-layer-media-container\">\n        <div data-enabled=\"true\" data-colibri-component=\"parallax\" class=\"background-layer paraxify\" style=\"background-image: url(&quot;https:\/\/axomethod.com\/wp-content\/uploads\/2022\/05\/vincent-botta-eouEtrJf844-unsplash-scaled.jpg&quot;);\" model-id=\"14703-c2\"\n          media=\"mobile\" is-preview=\"true\"><\/div>\n        <div class=\"overlay-layer\">\n          <div class=\"overlay-image-layer\" style=\"background-color: rgb(0, 0, 0); opacity: 0.5;\"><\/div>\n        <\/div>\n      <\/div>\n    <\/div>\n    <!---->\n    <div class=\"h-section-grid-container h-section-boxed-container\">\n      <!---->\n      <div data-colibri-id=\"14703-c3\" class=\"h-row-container gutters-row-lg-2 gutters-row-md-2 gutters-row-0 gutters-row-v-lg-2 gutters-row-v-md-2 gutters-row-v-2 style-10061 style-local-14703-c3 position-relative\">\n        <!---->\n        <div class=\"h-row justify-content-lg-center justify-content-md-center justify-content-center align-items-lg-stretch align-items-md-stretch align-items-stretch gutters-col-lg-2 gutters-col-md-2 gutters-col-0 gutters-col-v-lg-2 gutters-col-v-md-2 gutters-col-v-2\">\n          <!---->\n          <div class=\"h-column h-column-container d-flex h-col-lg-auto h-col-md-auto h-col-auto style-10062-outer style-local-14703-c4-outer\">\n            <div data-colibri-id=\"14703-c4\" class=\"d-flex h-flex-basis h-column__inner h-px-lg-2 h-px-md-2 h-px-2 v-inner-lg-2 v-inner-md-2 v-inner-2 style-10062 style-local-14703-c4 position-relative\">\n              <!---->\n              <!---->\n              <div class=\"w-100 h-y-container h-column__content h-column__v-align flex-basis-100 align-self-lg-start align-self-md-start align-self-start\">\n                <!---->\n                <div data-colibri-id=\"14703-c5\" class=\"h-global-transition-all h-heading style-10063 style-local-14703-c5 position-relative h-element\">\n                  <!---->\n                  <div class=\"h-heading__outer style-10063 style-local-14703-c5\">\n                    <!---->\n                    <!---->\n                    <h1 class=\"\">The regenerating space<\/h1>\n                  <\/div>\n                <\/div>\n                <div data-colibri-id=\"14703-c6\" class=\"h-text h-text-component style-10082 style-local-14703-c6 position-relative h-element\">\n                  <!---->\n                  <!---->\n                  <div class=\"\">\n                    <p><span style=\"font-weight: 600;\">Opening Soon in West London.<\/span><\/p>\n                  <\/div>\n                <\/div>\n              <\/div>\n            <\/div>\n          <\/div>\n        <\/div>\n      <\/div>\n    <\/div>\n  <\/div>\n  <div data-colibri-component=\"section\" data-colibri-id=\"14703-c11\" id=\"about\" class=\"h-section h-section-global-spacing d-flex align-items-lg-center align-items-md-center align-items-center style-10066 style-local-14703-c11 position-relative\">\n    <!---->\n    <!---->\n    <div class=\"h-section-grid-container h-section-boxed-container\">\n      <!---->\n      <div data-colibri-id=\"14703-c12\" class=\"h-row-container gutters-row-lg-0 gutters-row-md-0 gutters-row-2 gutters-row-v-lg-0 gutters-row-v-md-0 gutters-row-v-0 style-10067 style-local-14703-c12 position-relative\">\n        <!---->\n        <div class=\"h-row justify-content-lg-center justify-content-md-center justify-content-center align-items-lg-stretch align-items-md-stretch align-items-stretch gutters-col-lg-0 gutters-col-md-0 gutters-col-2 gutters-col-v-lg-0 gutters-col-v-md-0 gutters-col-v-0\">\n          <!---->\n          <div class=\"h-column h-column-container d-flex h-col-lg-auto h-col-md-auto h-col-auto style-10068-outer style-local-14703-c13-outer\">\n            <div data-colibri-id=\"14703-c13\" class=\"d-flex h-flex-basis h-column__inner h-px-lg-2 h-px-md-2 h-px-2 v-inner-lg-2 v-inner-md-2 v-inner-2 style-10068 style-local-14703-c13 position-relative\">\n              <!---->\n              <!---->\n              <div class=\"w-100 h-y-container h-column__content h-column__v-align flex-basis-100 align-self-lg-center align-self-md-center align-self-center\">\n                <!---->\n                <div data-colibri-id=\"14703-c14\" class=\"h-text h-text-component style-10080 style-local-14703-c14 position-relative h-element\">\n                  <!---->\n                  <!---->\n                  <div class=\"\">\n                    <p>The AXO Method Regenerating Space is designed for those who seek evidence-based care without losing the human touch.<\/p>\n                    <p>Rooted in our signature AXO treatment, this space will bring together:<\/p>\n                  <\/div>\n                <\/div>\n                <div data-colibri-id=\"14703-c15\" class=\"icon-list d-flex justify-content-lg-start justify-content-md-start justify-content-start style-10081 style-local-14703-c15 position-relative h-element\">\n                  <!---->\n                  <ul class=\"ul-list-icon vertical-on-desktop vertical-on-tablet vertical-on-mobile justify-content-lg-start justify-content-md-start justify-content-start\">\n                    <!---->\n                    <li class=\"list-item no-gutters\">\n                      <!---->\n                      <div class=\"list-container-divider d-flex justify-content-lg-start justify-content-md-start justify-content-start first-el-spacer\"><\/div> <span class=\"item-link no-gutters\"><div class=\"d-flex h-col no-gutters align-items-lg-center align-items-md-center align-items-center list-item-text-wrapper\"><div class=\"d-flex\"><span  class=\"h-svg-icon style-10081-icon style-local-14703-c15-icon\"><!--Icon by Font Awesome (https:\/\/fontawesome.com)-->\n    <svg version=\"1.1\" xmlns=\"http:\/\/www.w3.org\/2000\/svg\" xmlns:xlink=\"http:\/\/www.w3.org\/1999\/xlink\" id=\"check\" viewbox=\"0 0 1792 1896.0833\">\n      <path d=\"M1671 566q0 40-28 68l-724 724-136 136q-28 28-68 28t-68-28l-136-136-362-362q-28-28-28-68t28-68l136-136q28-28 68-28t68 28l294 295 656-657q28-28 68-28t68 28l136 136q28 28 28 68z\"><\/path>\n    <\/svg><\/span><\/div> <span class=\"list-text d-block\"><span>Our Signature Treatments<\/span><\/span>\n              <\/div>\n              <\/span>\n              <div class=\"list-container-divider d-flex justify-content-lg-start justify-content-md-start justify-content-start\">\n                <!---->\n              <\/div>\n              <\/li>\n              <li class=\"list-item no-gutters\">\n                <!---->\n                <!----><span class=\"item-link no-gutters\"><div class=\"d-flex h-col no-gutters align-items-lg-center align-items-md-center align-items-center list-item-text-wrapper\"><div class=\"d-flex\"><span  class=\"h-svg-icon style-10081-icon style-local-14703-c15-icon\"><!--Icon by Font Awesome (https:\/\/fontawesome.com)-->\n    <svg version=\"1.1\" xmlns=\"http:\/\/www.w3.org\/2000\/svg\" xmlns:xlink=\"http:\/\/www.w3.org\/1999\/xlink\" id=\"check\" viewbox=\"0 0 1792 1896.0833\">\n      <path d=\"M1671 566q0 40-28 68l-724 724-136 136q-28 28-68 28t-68-28l-136-136-362-362q-28-28-28-68t28-68l136-136q28-28 68-28t68 28l294 295 656-657q28-28 68-28t68 28l136 136q28 28 28 68z\"><\/path>\n    <\/svg><\/span><\/div> <span class=\"list-text d-block\"><span>Bio-impedance &amp; metabolic analysis<\/span><\/span>\n          <\/div>\n          <\/span>\n          <div class=\"list-container-divider d-flex justify-content-lg-start justify-content-md-start justify-content-start\">\n            <!---->\n          <\/div>\n          <\/li>\n          <li class=\"list-item no-gutters\">\n            <!---->\n            <!----><span class=\"item-link no-gutters\"><div class=\"d-flex h-col no-gutters align-items-lg-center align-items-md-center align-items-center list-item-text-wrapper\"><div class=\"d-flex\"><span  class=\"h-svg-icon style-10081-icon style-local-14703-c15-icon\"><!--Icon by Font Awesome (https:\/\/fontawesome.com)-->\n    <svg version=\"1.1\" xmlns=\"http:\/\/www.w3.org\/2000\/svg\" xmlns:xlink=\"http:\/\/www.w3.org\/1999\/xlink\" id=\"check\" viewbox=\"0 0 1792 1896.0833\">\n      <path d=\"M1671 566q0 40-28 68l-724 724-136 136q-28 28-68 28t-68-28l-136-136-362-362q-28-28-28-68t28-68l136-136q28-28 68-28t68 28l294 295 656-657q28-28 68-28t68 28l136 136q28 28 28 68z\"><\/path>\n    <\/svg><\/span><\/div> <span class=\"list-text d-block\"><span>Advanced biometric tracking<\/span><\/span>\n      <\/div>\n      <\/span>\n      <div class=\"list-container-divider d-flex justify-content-lg-start justify-content-md-start justify-content-start\">\n        <!---->\n      <\/div>\n      <\/li>\n      <li class=\"list-item no-gutters\">\n        <!---->\n        <!----><span class=\"item-link no-gutters\"><div class=\"d-flex h-col no-gutters align-items-lg-center align-items-md-center align-items-center list-item-text-wrapper\"><div class=\"d-flex\"><span  class=\"h-svg-icon style-10081-icon style-local-14703-c15-icon\"><!--Icon by Font Awesome (https:\/\/fontawesome.com)-->\n    <svg version=\"1.1\" xmlns=\"http:\/\/www.w3.org\/2000\/svg\" xmlns:xlink=\"http:\/\/www.w3.org\/1999\/xlink\" id=\"check\" viewbox=\"0 0 1792 1896.0833\">\n      <path d=\"M1671 566q0 40-28 68l-724 724-136 136q-28 28-68 28t-68-28l-136-136-362-362q-28-28-28-68t28-68l136-136q28-28 68-28t68 28l294 295 656-657q28-28 68-28t68 28l136 136q28 28 28 68z\"><\/path>\n    <\/svg><\/span><\/div> <span class=\"list-text d-block\"><span>A boutique gym in the heart of Notting Hill<\/span><\/span>\n  <\/div>\n  <\/span>\n  <div class=\"list-container-divider d-flex justify-content-lg-start justify-content-md-start justify-content-start\" style=\"display: none;\">\n    <!---->\n  <\/div>\n  <div class=\"list-container-divider d-flex justify-content-lg-start justify-content-md-start justify-content-start last-el-spacer\"><\/div>\n  <\/li>\n  <\/ul>\n<\/div>\n<div data-colibri-id=\"14703-c53\" class=\"style-10530 style-local-14703-c53 position-relative h-element\">\n  <!---->\n<\/div>\n<div data-colibri-id=\"14703-c52\" class=\"h-text h-text-component style-10529 style-local-14703-c52 position-relative h-element\">\n  <!---->\n  <!---->\n  <div class=\"\">\n    <p>Soyez parmi les premiers \u00e0 d\u00e9couvrir l\u2019AXO Regenerating Space \u00e0 Londres. Inscrivez-vous ci-dessous pour recevoir nos actualit\u00e9s exclusives, les dates de lancement et des invitations privil\u00e9gi\u00e9es.<\/p>\n  <\/div>\n<\/div>\n<div data-colibri-id=\"14703-c55\" class=\"style-10533 style-local-14703-c55 position-relative h-element\">\n  <!---->\n<\/div>\n<div data-colibri-id=\"14703-c54\" class=\"style-10532 style-local-14703-c54 position-relative h-element\">\n  <!---->\n  <div class=\"h-global-transition-all h-global-transition h-global-transition-all h-contact-form-shortcode\"><\/div>\n<\/div>\n<\/div>\n<\/div>\n<\/div>\n<div class=\"h-column h-column-container d-flex h-col-lg-auto h-col-md-auto h-col-auto style-10074-outer style-local-14703-c16-outer\">\n  <div data-colibri-id=\"14703-c16\" class=\"d-flex h-flex-basis h-column__inner h-px-lg-2 h-px-md-2 h-px-2 v-inner-lg-2 v-inner-md-2 v-inner-2 style-10074 style-local-14703-c16 position-relative\">\n    <!---->\n    <!---->\n    <div class=\"w-100 h-y-container h-column__content h-column__v-align flex-basis-100 align-self-lg-center align-self-md-center align-self-center\">\n      <!---->\n      <div data-colibri-id=\"14703-c17\" class=\"h-multiple-image style-10075 style-local-14703-c17 position-relative h-element\">\n        <!---->\n        <div class=\"position-relative\">\n          <div class=\"h-multiple-image-inside-container\">\n            <div class=\"ratio-inner\">\n              <div data-colibri-id=\"14703-c18\" class=\"d-block style-10076 style-local-14703-c18 position-relative h-element\">\n                <!---->\n                <div class=\"h-image__frame-container-outer\">\n                  <div class=\"h-image__frame-container\">\n                    <!---->\n                    <!---->\n                    <img loading=\"lazy\" decoding=\"async\" width=\"2560\" height=\"1707\" src=\"https:\/\/axomethod.com\/wp-content\/uploads\/2025\/06\/SHOOT-AXO-Decembre_WR37514-scaled.jpg\" class=\"style-10075-images style-local-14703-c17-images wp-image-14727 style-10076-image style-local-14703-c18-image\" alt=\"\" srcset=\"https:\/\/axomethod.com\/wp-content\/uploads\/2025\/06\/SHOOT-AXO-Decembre_WR37514-scaled.jpg 2560w, https:\/\/axomethod.com\/wp-content\/uploads\/2025\/06\/SHOOT-AXO-Decembre_WR37514-300x200.jpg 300w, https:\/\/axomethod.com\/wp-content\/uploads\/2025\/06\/SHOOT-AXO-Decembre_WR37514-1024x683.jpg 1024w, https:\/\/axomethod.com\/wp-content\/uploads\/2025\/06\/SHOOT-AXO-Decembre_WR37514-768x512.jpg 768w, https:\/\/axomethod.com\/wp-content\/uploads\/2025\/06\/SHOOT-AXO-Decembre_WR37514-1536x1024.jpg 1536w, https:\/\/axomethod.com\/wp-content\/uploads\/2025\/06\/SHOOT-AXO-Decembre_WR37514-2048x1365.jpg 2048w, https:\/\/axomethod.com\/wp-content\/uploads\/2025\/06\/SHOOT-AXO-Decembre_WR37514-18x12.jpg 18w, https:\/\/axomethod.com\/wp-content\/uploads\/2025\/06\/SHOOT-AXO-Decembre_WR37514-1320x880.jpg 1320w, https:\/\/axomethod.com\/wp-content\/uploads\/2025\/06\/SHOOT-AXO-Decembre_WR37514-600x400.jpg 600w\" sizes=\"auto, (max-width: 2560px) 100vw, 2560px\" \/>\n                    <div class=\"h-image__frame h-hide-lg h-hide-md h-hide-sm style-10076-frameImage style-local-14703-c18-frameImage\"><\/div>\n                  <\/div>\n                <\/div>\n              <\/div>\n              <div data-colibri-id=\"14703-c19\" class=\"d-block style-10077 style-local-14703-c19 position-relative h-element\">\n                <!---->\n                <div class=\"h-image__frame-container-outer\">\n                  <div class=\"h-image__frame-container\">\n                    <!---->\n                    <!---->\n                    <img loading=\"lazy\" decoding=\"async\" width=\"2048\" height=\"1368\" src=\"https:\/\/axomethod.com\/wp-content\/uploads\/2025\/06\/DSC00220.jpg\" class=\"style-10075-images style-local-14703-c17-images wp-image-14724 style-10077-image style-local-14703-c19-image\" alt=\"\" srcset=\"https:\/\/axomethod.com\/wp-content\/uploads\/2025\/06\/DSC00220.jpg 2048w, https:\/\/axomethod.com\/wp-content\/uploads\/2025\/06\/DSC00220-300x200.jpg 300w, https:\/\/axomethod.com\/wp-content\/uploads\/2025\/06\/DSC00220-1024x684.jpg 1024w, https:\/\/axomethod.com\/wp-content\/uploads\/2025\/06\/DSC00220-768x513.jpg 768w, https:\/\/axomethod.com\/wp-content\/uploads\/2025\/06\/DSC00220-1536x1026.jpg 1536w, https:\/\/axomethod.com\/wp-content\/uploads\/2025\/06\/DSC00220-18x12.jpg 18w, https:\/\/axomethod.com\/wp-content\/uploads\/2025\/06\/DSC00220-1320x882.jpg 1320w, https:\/\/axomethod.com\/wp-content\/uploads\/2025\/06\/DSC00220-600x401.jpg 600w\" sizes=\"auto, (max-width: 2048px) 100vw, 2048px\" \/>\n                    <div class=\"h-image__frame h-hide-lg h-hide-md h-hide-sm style-10077-frameImage style-local-14703-c19-frameImage\"><\/div>\n                  <\/div>\n                <\/div>\n              <\/div>\n              <div data-colibri-id=\"14703-c20\" class=\"d-block style-10078 style-local-14703-c20 position-relative h-element\">\n                <!---->\n                <div class=\"h-image__frame-container-outer\">\n                  <div class=\"h-image__frame-container\">\n                    <!---->\n                    <!---->\n                    <img loading=\"lazy\" decoding=\"async\" width=\"854\" height=\"1137\" src=\"https:\/\/axomethod.com\/wp-content\/uploads\/2025\/06\/cropped-656a95268112d26fbcc82a0e_shapescale-home-social-web.jpg\" class=\"style-10075-images style-local-14703-c17-images wp-image-14726 style-10078-image style-local-14703-c20-image\" alt=\"\" srcset=\"https:\/\/axomethod.com\/wp-content\/uploads\/2025\/06\/cropped-656a95268112d26fbcc82a0e_shapescale-home-social-web.jpg 854w, https:\/\/axomethod.com\/wp-content\/uploads\/2025\/06\/cropped-656a95268112d26fbcc82a0e_shapescale-home-social-web-225x300.jpg 225w, https:\/\/axomethod.com\/wp-content\/uploads\/2025\/06\/cropped-656a95268112d26fbcc82a0e_shapescale-home-social-web-769x1024.jpg 769w, https:\/\/axomethod.com\/wp-content\/uploads\/2025\/06\/cropped-656a95268112d26fbcc82a0e_shapescale-home-social-web-768x1023.jpg 768w, https:\/\/axomethod.com\/wp-content\/uploads\/2025\/06\/cropped-656a95268112d26fbcc82a0e_shapescale-home-social-web-9x12.jpg 9w, https:\/\/axomethod.com\/wp-content\/uploads\/2025\/06\/cropped-656a95268112d26fbcc82a0e_shapescale-home-social-web-600x799.jpg 600w\" sizes=\"auto, (max-width: 854px) 100vw, 854px\" \/>\n                    <div class=\"h-image__frame h-hide-lg h-hide-md h-hide-sm style-10078-frameImage style-local-14703-c20-frameImage\"><\/div>\n                  <\/div>\n                <\/div>\n              <\/div>\n              <div data-colibri-id=\"14703-c21\" class=\"d-block style-10079 style-local-14703-c21 position-relative h-element\">\n                <!---->\n                <div class=\"h-image__frame-container-outer\">\n                  <div class=\"h-image__frame-container\">\n                    <!---->\n                    <!---->\n                    <img loading=\"lazy\" decoding=\"async\" width=\"1709\" height=\"1704\" src=\"https:\/\/axomethod.com\/wp-content\/uploads\/2025\/06\/cropped-SHOOT-AXO-Decembre_WR37270-scaled-1.jpg\" class=\"style-10075-images style-local-14703-c17-images wp-image-14728 style-10079-image style-local-14703-c21-image\" alt=\"\" srcset=\"https:\/\/axomethod.com\/wp-content\/uploads\/2025\/06\/cropped-SHOOT-AXO-Decembre_WR37270-scaled-1.jpg 1709w, https:\/\/axomethod.com\/wp-content\/uploads\/2025\/06\/cropped-SHOOT-AXO-Decembre_WR37270-scaled-1-300x300.jpg 300w, https:\/\/axomethod.com\/wp-content\/uploads\/2025\/06\/cropped-SHOOT-AXO-Decembre_WR37270-scaled-1-1024x1021.jpg 1024w, https:\/\/axomethod.com\/wp-content\/uploads\/2025\/06\/cropped-SHOOT-AXO-Decembre_WR37270-scaled-1-150x150.jpg 150w, https:\/\/axomethod.com\/wp-content\/uploads\/2025\/06\/cropped-SHOOT-AXO-Decembre_WR37270-scaled-1-768x766.jpg 768w, https:\/\/axomethod.com\/wp-content\/uploads\/2025\/06\/cropped-SHOOT-AXO-Decembre_WR37270-scaled-1-1536x1532.jpg 1536w, https:\/\/axomethod.com\/wp-content\/uploads\/2025\/06\/cropped-SHOOT-AXO-Decembre_WR37270-scaled-1-12x12.jpg 12w, https:\/\/axomethod.com\/wp-content\/uploads\/2025\/06\/cropped-SHOOT-AXO-Decembre_WR37270-scaled-1-1320x1316.jpg 1320w, https:\/\/axomethod.com\/wp-content\/uploads\/2025\/06\/cropped-SHOOT-AXO-Decembre_WR37270-scaled-1-600x598.jpg 600w, https:\/\/axomethod.com\/wp-content\/uploads\/2025\/06\/cropped-SHOOT-AXO-Decembre_WR37270-scaled-1-100x100.jpg 100w\" sizes=\"auto, (max-width: 1709px) 100vw, 1709px\" \/>\n                    <div class=\"h-image__frame h-hide-lg h-hide-md h-hide-sm style-10079-frameImage style-local-14703-c21-frameImage\"><\/div>\n                  <\/div>\n                <\/div>\n              <\/div>\n            <\/div>\n          <\/div>\n        <\/div>\n      <\/div>\n    <\/div>\n  <\/div>\n<\/div>\n<\/div>\n<\/div>\n<\/div>\n<\/div>\n<\/div>","protected":false},"excerpt":{"rendered":"<p>The regenerating space Opening Soon in West London. The AXO Method Regenerating Space is designed for those who seek evidence-based care without losing the human touch. Rooted in our signature AXO treatment, this space will bring together: Our Signature Treatments Bio-impedance &amp; metabolic analysis Advanced biometric tracking A boutique gym in the heart of Notting [&hellip;]<\/p>","protected":false},"author":1,"featured_media":0,"parent":0,"menu_order":0,"comment_status":"closed","ping_status":"closed","template":"page-templates\/full-width-page.php","meta":{"pmpro_default_level":"","footnotes":""},"class_list":["post-14703","page","type-page","status-publish","hentry","pmpro-has-access"],"_links":{"self":[{"href":"https:\/\/axomethod.com\/fr\/wp-json\/wp\/v2\/pages\/14703","targetHints":{"allow":["GET"]}}],"collection":[{"href":"https:\/\/axomethod.com\/fr\/wp-json\/wp\/v2\/pages"}],"about":[{"href":"https:\/\/axomethod.com\/fr\/wp-json\/wp\/v2\/types\/page"}],"author":[{"embeddable":true,"href":"https:\/\/axomethod.com\/fr\/wp-json\/wp\/v2\/users\/1"}],"replies":[{"embeddable":true,"href":"https:\/\/axomethod.com\/fr\/wp-json\/wp\/v2\/comments?post=14703"}],"version-history":[{"count":6,"href":"https:\/\/axomethod.com\/fr\/wp-json\/wp\/v2\/pages\/14703\/revisions"}],"predecessor-version":[{"id":15197,"href":"https:\/\/axomethod.com\/fr\/wp-json\/wp\/v2\/pages\/14703\/revisions\/15197"}],"wp:attachment":[{"href":"https:\/\/axomethod.com\/fr\/wp-json\/wp\/v2\/media?parent=14703"}],"curies":[{"name":"wp","href":"https:\/\/api.w.org\/{rel}","templated":true}]}}