{"id":13979,"date":"2024-12-13T16:10:42","date_gmt":"2024-12-13T15:10:42","guid":{"rendered":"https:\/\/axomethod.com\/?page_id=13979"},"modified":"2024-12-14T12:49:11","modified_gmt":"2024-12-14T11:49:11","slug":"survey","status":"publish","type":"page","link":"https:\/\/axomethod.com\/fr\/survey\/","title":{"rendered":"Post session survey"},"content":{"rendered":"<div data-colibri-id=\"13979-c1\" class=\"style-8386 style-local-13979-c1 position-relative\">\r\n  <!---->\r\n  <div data-colibri-component=\"section\" data-colibri-id=\"13979-c2\" id=\"reusable-sections\" class=\"h-section h-section-global-spacing d-flex align-items-lg-center align-items-md-center align-items-center style-9908 style-local-13979-c2 position-relative\">\r\n    <div class=\"background-wrapper\">\r\n      <div class=\"background-layer background-layer-media-container-lg\">\r\n        <div data-enabled=\"true\" data-colibri-component=\"parallax\" class=\"background-layer paraxify\" style=\"background-image: url(&quot;https:\/\/axomethod.com\/wp-content\/uploads\/2022\/05\/vincent-botta-eouEtrJf844-unsplash-scaled.jpg&quot;); background-position: center;\"\r\n          model-id=\"13979-c2\" media=\"desktop\" is-preview=\"true\">\r\n          <div class=\"resize-triggers\">\r\n            <div class=\"expand-trigger\">\r\n              <div style=\"width: 1px; height: 1px;\"><\/div>\r\n            <\/div>\r\n            <div class=\"contract-trigger\"><\/div>\r\n          <\/div>\r\n        <\/div>\r\n        <div class=\"overlay-layer\">\r\n          <div class=\"overlay-image-layer\" style=\"background-color: rgb(0, 0, 0); opacity: 0.5;\"><\/div>\r\n        <\/div>\r\n      <\/div>\r\n      <div class=\"background-layer background-layer-media-container-md\">\r\n        <div data-enabled=\"true\" data-colibri-component=\"parallax\" class=\"background-layer paraxify\" style=\"background-image: url(&quot;https:\/\/axomethod.com\/wp-content\/uploads\/2022\/05\/vincent-botta-eouEtrJf844-unsplash-scaled.jpg&quot;); background-position: center;\"\r\n          model-id=\"13979-c2\" media=\"tablet\" is-preview=\"true\">\r\n          <div class=\"resize-triggers\">\r\n            <div class=\"expand-trigger\">\r\n              <div style=\"width: 1px; height: 1px;\"><\/div>\r\n            <\/div>\r\n            <div class=\"contract-trigger\"><\/div>\r\n          <\/div>\r\n        <\/div>\r\n        <div class=\"overlay-layer\">\r\n          <div class=\"overlay-image-layer\" style=\"background-color: rgb(0, 0, 0); opacity: 0.5;\"><\/div>\r\n        <\/div>\r\n      <\/div>\r\n      <div class=\"background-layer background-layer-media-container\">\r\n        <div data-enabled=\"true\" data-colibri-component=\"parallax\" class=\"background-layer paraxify\" style=\"background-image: url(&quot;https:\/\/axomethod.com\/wp-content\/uploads\/2022\/05\/vincent-botta-eouEtrJf844-unsplash-scaled.jpg&quot;); background-position: center;\"\r\n          model-id=\"13979-c2\" media=\"mobile\" is-preview=\"true\">\r\n          <div class=\"resize-triggers\">\r\n            <div class=\"expand-trigger\">\r\n              <div style=\"width: 1px; height: 1px;\"><\/div>\r\n            <\/div>\r\n            <div class=\"contract-trigger\"><\/div>\r\n          <\/div>\r\n        <\/div>\r\n        <div class=\"overlay-layer\">\r\n          <div class=\"overlay-image-layer\" style=\"background-color: rgb(0, 0, 0); opacity: 0.5;\"><\/div>\r\n        <\/div>\r\n      <\/div>\r\n    <\/div>\r\n    <!---->\r\n    <div class=\"h-section-grid-container h-section-boxed-container\">\r\n      <!---->\r\n      <div data-colibri-id=\"13979-c3\" class=\"h-row-container gutters-row-lg-2 gutters-row-md-2 gutters-row-0 gutters-row-v-lg-2 gutters-row-v-md-2 gutters-row-v-2 style-9909 style-local-13979-c3 position-relative\">\r\n        <!---->\r\n        <div class=\"h-row justify-content-lg-center justify-content-md-center justify-content-center align-items-lg-stretch align-items-md-stretch align-items-stretch gutters-col-lg-2 gutters-col-md-2 gutters-col-0 gutters-col-v-lg-2 gutters-col-v-md-2 gutters-col-v-2\">\r\n          <!---->\r\n          <div class=\"h-column h-column-container d-flex h-col-lg-auto h-col-md-auto h-col-auto style-9910-outer style-local-13979-c4-outer\">\r\n            <div data-colibri-id=\"13979-c4\" class=\"d-flex h-flex-basis h-column__inner h-px-lg-2 h-px-md-2 h-px-2 v-inner-lg-2 v-inner-md-2 v-inner-2 style-9910 style-local-13979-c4 position-relative\">\r\n              <!---->\r\n              <!---->\r\n              <div class=\"w-100 h-y-container h-column__content h-column__v-align flex-basis-100 align-self-lg-start align-self-md-start align-self-start\">\r\n                <!---->\r\n                <div data-colibri-id=\"13979-c5\" class=\"h-global-transition-all h-heading style-9915 style-local-13979-c5 position-relative h-element\">\r\n                  <!---->\r\n                  <div class=\"h-heading__outer style-9915 style-local-13979-c5\">\r\n                    <!---->\r\n                    <!---->\r\n                    <h1 class=\"\">post session&nbsp;\r\n                      <br>survey<\/h1>\r\n                  <\/div>\r\n                <\/div>\r\n              <\/div>\r\n            <\/div>\r\n          <\/div>\r\n        <\/div>\r\n      <\/div>\r\n    <\/div>\r\n  <\/div>\r\n  <div data-colibri-component=\"section\" data-colibri-id=\"13979-c6\" id=\"custom\" class=\"h-section h-section-global-spacing d-flex align-items-lg-center align-items-md-center align-items-center style-9916 style-local-13979-c6 position-relative\">\r\n    <!---->\r\n    <!---->\r\n    <div class=\"h-section-grid-container h-section-boxed-container\">\r\n      <!---->\r\n      <div data-colibri-id=\"13979-c7\" class=\"h-row-container gutters-row-lg-2 gutters-row-md-2 gutters-row-0 gutters-row-v-lg-2 gutters-row-v-md-2 gutters-row-v-2 style-9912 style-local-13979-c7 position-relative\">\r\n        <!---->\r\n        <div class=\"h-row justify-content-lg-center justify-content-md-center justify-content-center align-items-lg-stretch align-items-md-stretch align-items-stretch gutters-col-lg-2 gutters-col-md-2 gutters-col-0 gutters-col-v-lg-2 gutters-col-v-md-2 gutters-col-v-2\">\r\n          <!---->\r\n          <div class=\"h-column h-column-container d-flex h-col-lg-auto h-col-md-auto h-col-auto style-9913-outer style-local-13979-c8-outer\">\r\n            <div data-colibri-id=\"13979-c8\" class=\"d-flex h-flex-basis h-column__inner h-px-lg-2 h-px-md-2 h-px-2 v-inner-lg-2 v-inner-md-2 v-inner-2 style-9913 style-local-13979-c8 position-relative\">\r\n              <!---->\r\n              <!---->\r\n              <div class=\"w-100 h-y-container h-column__content h-column__v-align flex-basis-100 align-self-lg-start align-self-md-start align-self-start\">\r\n                <!---->\r\n                <div data-colibri-id=\"13979-c9\" class=\"style-9914 style-local-13979-c9 position-relative h-element\">\r\n                  <!---->\r\n                  <div class=\"\"><div class=\"forminator-ui forminator-custom-form forminator-custom-form-13955 forminator-design--default  forminator_ajax\" data-forminator-render=\"0\" data-form=\"forminator-module-13955\" data-uid=\"69d68a20d1bf5\"><br\/><\/div><form\n\t\t\t\tid=\"forminator-module-13955\"\n\t\t\t\tclass=\"forminator-ui forminator-custom-form forminator-custom-form-13955 forminator-design--default  forminator_ajax\"\n\t\t\t\tmethod=\"post\"\n\t\t\t\tdata-forminator-render=\"0\"\n\t\t\t\tdata-form-id=\"13955\"\n\t\t\t\t data-color-option=\"theme\" data-design=\"default\" data-grid=\"open\" style=\"display: none;\"\n\t\t\t\tdata-uid=\"69d68a20d1bf5\" action=\"\"\n\t\t\t><div role=\"alert\" aria-live=\"polite\" class=\"forminator-response-message forminator-error\" aria-hidden=\"true\"><\/div><div class=\"forminator-row\"><div id=\"name-1\" class=\"forminator-field-name forminator-col forminator-col-6\"><div class=\"forminator-field\"><label for=\"forminator-field-name-1_69d68a20d1bf5\" id=\"forminator-field-name-1_69d68a20d1bf5-label\" class=\"forminator-label\">Votre nom<\/label><input type=\"text\" name=\"name-1\" value=\"\" placeholder=\"\" id=\"forminator-field-name-1_69d68a20d1bf5\" class=\"forminator-input forminator-name--field\" aria-required=\"false\" autocomplete=\"name\" \/><\/div><\/div><div id=\"select-1\" class=\"forminator-field-select forminator-col forminator-col-6\"><div class=\"forminator-field\"><label for=\"forminator-form-13955__field--select-1_69d68a20d1bf5\" id=\"forminator-form-13955__field--select-1_69d68a20d1bf5-label\" class=\"forminator-label\">Votre th\u00e9rapeute<\/label><select  id=\"forminator-form-13955__field--select-1_69d68a20d1bf5\" class=\"forminator-select--field forminator-select2 forminator-select2-multiple\" data-required=\"\" name=\"select-1\" data-default-value=\"\" data-hidden-behavior=\"zero\" data-placeholder=\"Your assigned therapist\" data-search=\"false\" data-search-placeholder=\"Your assigned therapist\" data-checkbox=\"false\" data-allow-clear=\"false\" aria-labelledby=\"forminator-form-13955__field--select-1_69d68a20d1bf5-label\"><option value=\"\"  >S\u00e9lectionnez votre th\u00e9rapeute<\/option><option value=\"Anais---Pays-Basque\"  data-calculation=\"0\">Anais - Pays Basque<\/option><option value=\"Carole---Bordeaux\"  data-calculation=\"0\">Carole - Bordeaux<\/option><option value=\"Claire---La-R\u00e9union\"  data-calculation=\"0\">Claire - La R\u00e9union<\/option><option value=\"two\"  data-calculation=\"0\">Dawid - Libourne<\/option><option value=\"Denis---Bordeaux\"  data-calculation=\"0\">Denis - Bordeaux<\/option><option value=\"\u00c9va---Ibiza\"  data-calculation=\"0\">\u00c9va - Ibiza<\/option><option value=\"Fabrice-P.---Grenoble\"  data-calculation=\"0\">Fabrice P. - Grenoble<\/option><option value=\"Fabrice-T.---Pau\"  data-calculation=\"0\">Fabrice T. - Pau<\/option><option value=\"Guillaume-Guibordeau\"  data-calculation=\"0\">Guillaume Guibordeau<\/option><option value=\"Janey---London\"  data-calculation=\"0\">Janey - London<\/option><option value=\"Julie---Marocco\"  data-calculation=\"0\">Julie - Marocco<\/option><option value=\"L\u00e9a---Les-Landes\"  data-calculation=\"0\">L\u00e9a - Les Landes<\/option><option value=\"one\"  data-calculation=\"0\">Marie Clotilde - Limoges<\/option><option value=\"Marion---Suisse\"  data-calculation=\"0\">Marion - Suisse<\/option><option value=\"M\u00e9lanie---Berneuil---Les-Mathes---Saint-Lary-Soulan\"  data-calculation=\"0\">M\u00e9lanie - Berneuil \/ Les Mathes \/ Saint Lary Soulan<\/option><option value=\"William---Dubai\"  data-calculation=\"0\">William - Dubai<\/option><\/select><\/div><\/div><\/div><div class=\"forminator-row\"><div id=\"html-1\" class=\"forminator-field-html forminator-col forminator-col-12\"><div class=\"forminator-field forminator-merge-tags\" data-field=\"html-1\"><label class=\"forminator-label\">Merci d\u2019\u00e9valuer l\u2019am\u00e9lioration ressentie pour les aspects suivants apr\u00e8s la session, en attribuant une note de 1 \u00e0 5 ; 1 = Beaucoup moins bon \/ Tr\u00e8s mauvais; 3 = Inchang\u00e9; 5 = Bien meilleur \/ Tr\u00e8s bon<\/label><\/div><\/div><\/div><div class=\"forminator-row\"><div id=\"rating-1\" class=\"forminator-field-rating forminator-col forminator-col-6\"><div class=\"forminator-field\"><label for=\"forminator-field-rating-1_69d68a20d1bf5\" id=\"forminator-field-rating-1_69d68a20d1bf5-label\" class=\"forminator-label\">Qualit\u00e9 de votre sommeil (post session)<\/label><select name=\"rating-1\" id=\"forminator-field-rating-1_69d68a20d1bf5\" class=\"forminator-rating\" aria-errormessage=\"forminator-field-rating-1_69d68a20d1bf5-error\" data-type=\"star\" data-size=\"md\" data-suffix=\"true\" aria-labelledby=\"forminator-field-rating-1_69d68a20d1bf5-label\" data-default-value=\"0\"><option value=\"0\" selected=\"selected\" disabled>0<\/option><option value=\"1\" >1<\/option><option value=\"2\" >2<\/option><option value=\"3\" >3<\/option><option value=\"4\" >4<\/option><option value=\"5\" >5<\/option><\/select><\/div><\/div><div id=\"rating-7\" class=\"forminator-field-rating forminator-col forminator-col-6\"><div class=\"forminator-field\"><label for=\"forminator-field-rating-7_69d68a20d1bf5\" id=\"forminator-field-rating-7_69d68a20d1bf5-label\" class=\"forminator-label\">Digestion<\/label><select name=\"rating-7\" id=\"forminator-field-rating-7_69d68a20d1bf5\" class=\"forminator-rating\" aria-errormessage=\"forminator-field-rating-7_69d68a20d1bf5-error\" data-type=\"star\" data-size=\"md\" data-suffix=\"true\" aria-labelledby=\"forminator-field-rating-7_69d68a20d1bf5-label\" data-default-value=\"0\"><option value=\"0\" selected=\"selected\" disabled>0<\/option><option value=\"1\" >1<\/option><option value=\"2\" >2<\/option><option value=\"3\" >3<\/option><option value=\"4\" >4<\/option><option value=\"5\" >5<\/option><\/select><\/div><\/div><\/div><div class=\"forminator-row\"><div id=\"rating-2\" class=\"forminator-field-rating forminator-col forminator-col-6\"><div class=\"forminator-field\"><label for=\"forminator-field-rating-2_69d68a20d1bf5\" id=\"forminator-field-rating-2_69d68a20d1bf5-label\" class=\"forminator-label\">Amplitude de mouvement et mobilit\u00e9<\/label><select name=\"rating-2\" id=\"forminator-field-rating-2_69d68a20d1bf5\" class=\"forminator-rating\" aria-errormessage=\"forminator-field-rating-2_69d68a20d1bf5-error\" data-type=\"star\" data-size=\"md\" data-suffix=\"true\" aria-labelledby=\"forminator-field-rating-2_69d68a20d1bf5-label\" data-default-value=\"0\"><option value=\"0\" selected=\"selected\" disabled>0<\/option><option value=\"1\" >1<\/option><option value=\"2\" >2<\/option><option value=\"3\" >3<\/option><option value=\"4\" >4<\/option><option value=\"5\" >5<\/option><\/select><\/div><\/div><div id=\"rating-4\" class=\"forminator-field-rating forminator-col forminator-col-6\"><div class=\"forminator-field\"><label for=\"forminator-field-rating-4_69d68a20d1bf5\" id=\"forminator-field-rating-4_69d68a20d1bf5-label\" class=\"forminator-label\">D\u00e9tente musculaire<\/label><select name=\"rating-4\" id=\"forminator-field-rating-4_69d68a20d1bf5\" class=\"forminator-rating\" aria-errormessage=\"forminator-field-rating-4_69d68a20d1bf5-error\" data-type=\"star\" data-size=\"md\" data-suffix=\"true\" aria-labelledby=\"forminator-field-rating-4_69d68a20d1bf5-label\" data-default-value=\"0\"><option value=\"0\" selected=\"selected\" disabled>0<\/option><option value=\"1\" >1<\/option><option value=\"2\" >2<\/option><option value=\"3\" >3<\/option><option value=\"4\" >4<\/option><option value=\"5\" >5<\/option><\/select><\/div><\/div><\/div><div class=\"forminator-row\"><div id=\"select-2\" class=\"forminator-field-select forminator-col forminator-col-6\"><div class=\"forminator-field\"><label for=\"forminator-form-13955__field--select-2_69d68a20d1bf5\" id=\"forminator-form-13955__field--select-2_69d68a20d1bf5-label\" class=\"forminator-label\">Comment \u00e9valueriez-vous votre moral\/bien-\u00eatre mental par rapport \u00e0 avant le soin ?<\/label><select  id=\"forminator-form-13955__field--select-2_69d68a20d1bf5\" class=\"forminator-select--field forminator-select2 forminator-select2-multiple\" data-required=\"\" name=\"select-2\" data-default-value=\"\" data-hidden-behavior=\"zero\" data-placeholder=\"I feel...\" data-search=\"false\" data-search-placeholder=\"I feel...\" data-checkbox=\"false\" data-allow-clear=\"false\" aria-labelledby=\"forminator-form-13955__field--select-2_69d68a20d1bf5-label\"><option value=\"\"  >Je me sens<\/option><option value=\"one\"  data-calculation=\"0\">Mieux<\/option><option value=\"two\"  data-calculation=\"0\">Idem<\/option><option value=\"Worse\"  data-calculation=\"0\">Moins bien<\/option><\/select><\/div><\/div><div id=\"slider-1\" class=\"forminator-field-slider forminator-col forminator-col-6\"><div class=\"forminator-field\"><label for=\"forminator-field-slider-1_69d68a20d1bf5\" id=\"forminator-field-slider-1_69d68a20d1bf5-label\" class=\"forminator-label\">Comment noteriez vous votre \u00e9nergie 24h apr\u00e8s votre soin ?<\/label><div class=\"forminator-slider forminator-slider-full forminator-slider-size-small\"><input type=\"text\" id=\"forminator-field-slider-1_69d68a20d1bf5\" class=\"forminator-hidden-input\" style=\"display:none;\"\/><div class=\"forminator-slide forminator-slide-handle-icon\" aria-required=\"false\" data-is-range=\"\" data-min=\"1\" data-max=\"10\" data-step=\"1\" data-value=\"1\"><\/div><div class=\"forminator-slider-limit\"><\/div><div class=\"forminator-slider-amount forminator-slider-amount-bottom\" data-value-template=\"{slider-value}\"><span class=\"forminator-slider-value-min\"><\/span><input type=\"hidden\" value=\"\" data-hidden-behavior=\"zero\" id=\"forminator-field-slider-1-input_69d68a20d1bf5\" name=\"slider-1\" class=\"forminator-slider-hidden-min\" \/><\/div><\/div><\/div><\/div><\/div><div class=\"forminator-row\"><div id=\"textarea-1\" class=\"forminator-field-textarea forminator-col forminator-col-12\"><div class=\"forminator-field\"><label for=\"forminator-field-textarea-1_69d68a20d1bf5\" id=\"forminator-field-textarea-1_69d68a20d1bf5-label\" class=\"forminator-label\">Retours compl\u00e9mentaires ?<\/label><textarea name=\"textarea-1\" placeholder=\"\" id=\"forminator-field-textarea-1_69d68a20d1bf5\" class=\"forminator-textarea\" rows=\"6\" style=\"min-height:140px;\" ><\/textarea><\/div><\/div><\/div><input type=\"hidden\" name=\"referer_url\" value=\"\" \/><div class=\"forminator-row forminator-row-last\"><div class=\"forminator-col\"><div class=\"forminator-field\"><button class=\"forminator-button forminator-button-submit\">Envoyer mes r\u00e9ponses<\/button><\/div><\/div><\/div><input type=\"hidden\" id=\"forminator_nonce\" name=\"forminator_nonce\" value=\"cdfaf44816\" \/><input type=\"hidden\" name=\"_wp_http_referer\" value=\"\/fr\/wp-json\/wp\/v2\/pages\/13979\" \/><input type=\"hidden\" name=\"form_id\" value=\"13955\"><input type=\"hidden\" name=\"page_id\" value=\"13979\"><input type=\"hidden\" name=\"form_type\" value=\"default\"><input type=\"hidden\" name=\"current_url\" value=\"https:\/\/axomethod.com\/fr\/survey\/\"><input type=\"hidden\" name=\"render_id\" value=\"0\"><input type=\"hidden\" name=\"action\" value=\"forminator_submit_form_custom-forms\"><input type=\"hidden\" name=\"trp-form-language\" value=\"fr\"\/><\/form><\/div>\r\n                <\/div>\r\n                <div data-colibri-id=\"13979-c10\" class=\"style-8395 style-local-13979-c10 position-relative h-element\">\r\n                  <!---->\r\n                <\/div>\r\n              <\/div>\r\n            <\/div>\r\n          <\/div>\r\n        <\/div>\r\n      <\/div>\r\n    <\/div>\r\n  <\/div>\r\n<\/div>","protected":false},"excerpt":{"rendered":"<p>post session&nbsp; survey<\/p>","protected":false},"author":1,"featured_media":0,"parent":0,"menu_order":0,"comment_status":"closed","ping_status":"closed","template":"page-templates\/full-width-page.php","meta":{"pmpro_default_level":"","footnotes":""},"class_list":["post-13979","page","type-page","status-publish","hentry","pmpro-has-access"],"_links":{"self":[{"href":"https:\/\/axomethod.com\/fr\/wp-json\/wp\/v2\/pages\/13979","targetHints":{"allow":["GET"]}}],"collection":[{"href":"https:\/\/axomethod.com\/fr\/wp-json\/wp\/v2\/pages"}],"about":[{"href":"https:\/\/axomethod.com\/fr\/wp-json\/wp\/v2\/types\/page"}],"author":[{"embeddable":true,"href":"https:\/\/axomethod.com\/fr\/wp-json\/wp\/v2\/users\/1"}],"replies":[{"embeddable":true,"href":"https:\/\/axomethod.com\/fr\/wp-json\/wp\/v2\/comments?post=13979"}],"version-history":[{"count":7,"href":"https:\/\/axomethod.com\/fr\/wp-json\/wp\/v2\/pages\/13979\/revisions"}],"predecessor-version":[{"id":14033,"href":"https:\/\/axomethod.com\/fr\/wp-json\/wp\/v2\/pages\/13979\/revisions\/14033"}],"wp:attachment":[{"href":"https:\/\/axomethod.com\/fr\/wp-json\/wp\/v2\/media?parent=13979"}],"curies":[{"name":"wp","href":"https:\/\/api.w.org\/{rel}","templated":true}]}}