{"id":13034,"date":"2024-11-26T13:28:32","date_gmt":"2024-11-26T12:28:32","guid":{"rendered":"https:\/\/axomethod.com\/retreats\/"},"modified":"2025-09-02T16:14:00","modified_gmt":"2025-09-02T14:14:00","slug":"retreats","status":"publish","type":"page","link":"https:\/\/axomethod.com\/fr\/retreats\/","title":{"rendered":"Retraites"},"content":{"rendered":"<div data-colibri-id=\"13034-c1\" class=\"style-9221 style-local-13034-c1 position-relative\">\n  <!---->\n  <div data-colibri-component=\"section\" data-colibri-id=\"13034-c2\" id=\"reusable-sections\" class=\"h-section h-section-global-spacing d-flex align-items-lg-center align-items-md-center align-items-center style-9222 style-local-13034-c2 position-relative\">\n    <div class=\"background-wrapper\">\n      <div class=\"background-layer background-layer-media-container-lg\">\n        <div data-enabled=\"true\" data-colibri-component=\"parallax\" class=\"background-layer paraxify\" style=\"background-image: url(&quot;https:\/\/axomethod.com\/wp-content\/uploads\/2022\/05\/vincent-botta-eouEtrJf844-unsplash-scaled.jpg&quot;);\" model-id=\"13034-c2\"\n          media=\"desktop\" is-preview=\"true\"><\/div>\n        <div class=\"overlay-layer\">\n          <div class=\"overlay-image-layer\" style=\"background-color: rgb(0, 0, 0); opacity: 0.5;\"><\/div>\n        <\/div>\n      <\/div>\n      <div class=\"background-layer background-layer-media-container-md\">\n        <div data-enabled=\"true\" data-colibri-component=\"parallax\" class=\"background-layer paraxify\" style=\"background-image: url(&quot;https:\/\/axomethod.com\/wp-content\/uploads\/2022\/05\/vincent-botta-eouEtrJf844-unsplash-scaled.jpg&quot;);\" model-id=\"13034-c2\"\n          media=\"tablet\" is-preview=\"true\"><\/div>\n        <div class=\"overlay-layer\">\n          <div class=\"overlay-image-layer\" style=\"background-color: rgb(0, 0, 0); opacity: 0.5;\"><\/div>\n        <\/div>\n      <\/div>\n      <div class=\"background-layer background-layer-media-container\">\n        <div data-enabled=\"true\" data-colibri-component=\"parallax\" class=\"background-layer paraxify\" style=\"background-image: url(&quot;https:\/\/axomethod.com\/wp-content\/uploads\/2022\/05\/vincent-botta-eouEtrJf844-unsplash-scaled.jpg&quot;);\" model-id=\"13034-c2\"\n          media=\"mobile\" is-preview=\"true\"><\/div>\n        <div class=\"overlay-layer\">\n          <div class=\"overlay-image-layer\" style=\"background-color: rgb(0, 0, 0); opacity: 0.5;\"><\/div>\n        <\/div>\n      <\/div>\n    <\/div>\n    <!---->\n    <div class=\"h-section-grid-container h-section-boxed-container\">\n      <!---->\n      <div data-colibri-id=\"13034-c3\" class=\"h-row-container gutters-row-lg-2 gutters-row-md-2 gutters-row-0 gutters-row-v-lg-2 gutters-row-v-md-2 gutters-row-v-2 style-9223 style-local-13034-c3 position-relative\">\n        <!---->\n        <div class=\"h-row justify-content-lg-center justify-content-md-center justify-content-center align-items-lg-stretch align-items-md-stretch align-items-stretch gutters-col-lg-2 gutters-col-md-2 gutters-col-0 gutters-col-v-lg-2 gutters-col-v-md-2 gutters-col-v-2\">\n          <!---->\n          <div class=\"h-column h-column-container d-flex h-col-lg-auto h-col-md-auto h-col-auto style-9224-outer style-local-13034-c4-outer\">\n            <div data-colibri-id=\"13034-c4\" class=\"d-flex h-flex-basis h-column__inner h-px-lg-2 h-px-md-2 h-px-2 v-inner-lg-2 v-inner-md-2 v-inner-2 style-9224 style-local-13034-c4 position-relative\">\n              <!---->\n              <!---->\n              <div class=\"w-100 h-y-container h-column__content h-column__v-align flex-basis-100 align-self-lg-start align-self-md-start align-self-start\">\n                <!---->\n                <div data-colibri-id=\"13034-c5\" class=\"h-global-transition-all h-heading style-9225 style-local-13034-c5 position-relative h-element\">\n                  <!---->\n                  <div class=\"h-heading__outer style-9225 style-local-13034-c5\">\n                    <!---->\n                    <!---->\n                    <h1 class=\"\">Nos retraites signatures <\/h1>\n                  <\/div>\n                <\/div>\n                <div data-colibri-id=\"13034-c6\" class=\"h-global-transition-all h-heading style-9232 style-local-13034-c6 position-relative h-element\">\n                  <!---->\n                  <div class=\"h-heading__outer style-9232 style-local-13034-c6\">\n                    <!---->\n                    <!---->\n                    <h4 class=\"\">Bient\u00f4t<\/h4>\n                  <\/div>\n                <\/div>\n              <\/div>\n            <\/div>\n          <\/div>\n        <\/div>\n      <\/div>\n    <\/div>\n  <\/div>\n  <div data-colibri-component=\"section\" data-colibri-id=\"13034-c7\" id=\"custom\" class=\"h-section h-section-global-spacing d-flex align-items-lg-center align-items-md-center align-items-center style-9228 style-local-13034-c7 position-relative\">\n    <!---->\n    <!---->\n    <div class=\"h-section-grid-container h-section-boxed-container\">\n      <!---->\n      <div data-colibri-id=\"13034-c8\" class=\"h-row-container gutters-row-lg-2 gutters-row-md-2 gutters-row-0 gutters-row-v-lg-2 gutters-row-v-md-2 gutters-row-v-2 style-9229 style-local-13034-c8 position-relative\">\n        <!---->\n        <div class=\"h-row justify-content-lg-center justify-content-md-center justify-content-center align-items-lg-stretch align-items-md-stretch align-items-stretch gutters-col-lg-2 gutters-col-md-2 gutters-col-0 gutters-col-v-lg-2 gutters-col-v-md-2 gutters-col-v-2\">\n          <!---->\n          <div class=\"h-column h-column-container d-flex h-col-lg-auto h-col-md-auto h-col-auto style-9230-outer style-local-13034-c9-outer\">\n            <div data-colibri-id=\"13034-c9\" class=\"d-flex h-flex-basis h-column__inner h-px-lg-2 h-px-md-2 h-px-2 v-inner-lg-2 v-inner-md-2 v-inner-2 style-9230 style-local-13034-c9 position-relative\">\n              <!---->\n              <!---->\n              <div class=\"w-100 h-y-container h-column__content h-column__v-align flex-basis-100 align-self-lg-center align-self-md-center align-self-center\">\n                <!---->\n                <div data-colibri-id=\"13034-c10\" class=\"h-text h-text-component style-9234 style-local-13034-c10 position-relative h-element\">\n                  <!---->\n                  <!---->\n                  <div class=\"\">\n                    <p>D\u00e9couvrez notre soin phare lors d'un voyage bien-\u00eatre immersif. Nos retraites soigneusement con\u00e7ues combinent nos traitements embl\u00e9matiques avec de l'exercise physique, une cuisine anti-inflammatoire et des exp\u00e9riences r\u00e9g\u00e9n\u00e9rantes.<\/p>\n                  <\/div>\n                <\/div>\n                <div data-colibri-id=\"13034-c11\" class=\"icon-list d-flex justify-content-lg-center justify-content-md-center justify-content-center style-9239 style-local-13034-c11 position-relative h-element\">\n                  <!---->\n                  <ul class=\"ul-list-icon vertical-on-desktop vertical-on-tablet vertical-on-mobile justify-content-lg-center justify-content-md-center justify-content-center\">\n                    <!---->\n                    <li class=\"list-item no-gutters\">\n                      <!---->\n                      <div class=\"list-container-divider d-flex justify-content-lg-center justify-content-md-center justify-content-center first-el-spacer\"><\/div> <span class=\"item-link no-gutters\"><div class=\"d-flex h-col no-gutters align-items-lg-center align-items-md-center align-items-center list-item-text-wrapper\"><div class=\"d-flex\"><span  class=\"h-svg-icon style-9239-icon style-local-13034-c11-icon\"><!--Icon by Ionicons (https:\/\/ionicons.com)--><svg version=\"1.1\" xmlns=\"http:\/\/www.w3.org\/2000\/svg\" xmlns:xlink=\"http:\/\/www.w3.org\/1999\/xlink\" id=\"ios-checkmark-empty\" viewbox=\"0 0 207 512\"><path d=\"M74 330c-2 2-6 4-9 4s-7-2-9-4L0 274l18-18 47 47 125-126 17 18z\"><\/path><\/svg><\/span><\/div>\n                <span class=\"list-text d-block\"><span>Nos soins signature de la M\u00e9thode AXO <\/span><\/span>\n              <\/div>\n              <\/span>\n              <div class=\"list-container-divider d-flex justify-content-lg-center justify-content-md-center justify-content-center\">\n                <!---->\n              <\/div>\n              <\/li>\n              <li class=\"list-item no-gutters\">\n                <!---->\n                <!----><span class=\"item-link no-gutters\"><div class=\"d-flex h-col no-gutters align-items-lg-center align-items-md-center align-items-center list-item-text-wrapper\"><div class=\"d-flex\"><span  class=\"h-svg-icon style-9239-icon style-local-13034-c11-icon\"><!--Icon by Ionicons (https:\/\/ionicons.com)--><svg version=\"1.1\" xmlns=\"http:\/\/www.w3.org\/2000\/svg\" xmlns:xlink=\"http:\/\/www.w3.org\/1999\/xlink\" id=\"ios-checkmark-empty\" viewbox=\"0 0 207 512\"><path d=\"M74 330c-2 2-6 4-9 4s-7-2-9-4L0 274l18-18 47 47 125-126 17 18z\"><\/path><\/svg><\/span><\/div>\n            <span class=\"list-text d-block\"><span>Des sessions de sport entour\u00e9s d'experts<\/span><\/span>\n          <\/div>\n          <\/span>\n          <div class=\"list-container-divider d-flex justify-content-lg-center justify-content-md-center justify-content-center\">\n            <!---->\n          <\/div>\n          <\/li>\n          <li class=\"list-item no-gutters\">\n            <!---->\n            <!----><span class=\"item-link no-gutters\"><div class=\"d-flex h-col no-gutters align-items-lg-center align-items-md-center align-items-center list-item-text-wrapper\"><div class=\"d-flex\"><span  class=\"h-svg-icon style-9239-icon style-local-13034-c11-icon\"><!--Icon by Ionicons (https:\/\/ionicons.com)--><svg version=\"1.1\" xmlns=\"http:\/\/www.w3.org\/2000\/svg\" xmlns:xlink=\"http:\/\/www.w3.org\/1999\/xlink\" id=\"ios-checkmark-empty\" viewbox=\"0 0 207 512\"><path d=\"M74 330c-2 2-6 4-9 4s-7-2-9-4L0 274l18-18 47 47 125-126 17 18z\"><\/path><\/svg><\/span><\/div>\n        <span class=\"list-text d-block\"><span>Une cuisine anti-inflammatoires sous formes de workshops<\/span><\/span>\n      <\/div>\n      <\/span>\n      <div class=\"list-container-divider d-flex justify-content-lg-center justify-content-md-center justify-content-center\">\n        <!---->\n      <\/div>\n      <\/li>\n      <li class=\"list-item no-gutters\">\n        <!---->\n        <!----><span class=\"item-link no-gutters\"><div class=\"d-flex h-col no-gutters align-items-lg-center align-items-md-center align-items-center list-item-text-wrapper\"><div class=\"d-flex\"><span  class=\"h-svg-icon style-9239-icon style-local-13034-c11-icon\"><!--Icon by Ionicons (https:\/\/ionicons.com)--><svg version=\"1.1\" xmlns=\"http:\/\/www.w3.org\/2000\/svg\" xmlns:xlink=\"http:\/\/www.w3.org\/1999\/xlink\" id=\"ios-checkmark-empty\" viewbox=\"0 0 207 512\"><path d=\"M74 330c-2 2-6 4-9 4s-7-2-9-4L0 274l18-18 47 47 125-126 17 18z\"><\/path><\/svg><\/span><\/div>\n    <span class=\"list-text d-block\"><span>Des exercises de management du stresse<\/span><\/span>\n  <\/div>\n  <\/span>\n  <div class=\"list-container-divider d-flex justify-content-lg-center justify-content-md-center justify-content-center\">\n    <!---->\n  <\/div>\n  <\/li>\n  <li class=\"list-item no-gutters\">\n    <!---->\n    <!----><span class=\"item-link no-gutters\"><div class=\"d-flex h-col no-gutters align-items-lg-center align-items-md-center align-items-center list-item-text-wrapper\"><div class=\"d-flex\"><span  class=\"h-svg-icon style-9239-icon style-local-13034-c11-icon\"><!--Icon by Ionicons (https:\/\/ionicons.com)--><svg version=\"1.1\" xmlns=\"http:\/\/www.w3.org\/2000\/svg\" xmlns:xlink=\"http:\/\/www.w3.org\/1999\/xlink\" id=\"ios-checkmark-empty\" viewbox=\"0 0 207 512\"><path d=\"M74 330c-2 2-6 4-9 4s-7-2-9-4L0 274l18-18 47 47 125-126 17 18z\"><\/path><\/svg><\/span><\/div>\n<span class=\"list-text d-block\"><span>H\u00e9bergement prestigieux<\/span><\/span>\n<\/div>\n<\/span>\n<div class=\"list-container-divider d-flex justify-content-lg-center justify-content-md-center justify-content-center\">\n  <!---->\n<\/div>\n<\/li>\n<li class=\"list-item no-gutters\">\n  <!---->\n  <!----><span class=\"item-link no-gutters\"><div class=\"d-flex h-col no-gutters align-items-lg-center align-items-md-center align-items-center list-item-text-wrapper\"><div class=\"d-flex\"><span  class=\"h-svg-icon style-9239-icon style-local-13034-c11-icon\"><!--Icon by Ionicons (https:\/\/ionicons.com)--><svg version=\"1.1\" xmlns=\"http:\/\/www.w3.org\/2000\/svg\" xmlns:xlink=\"http:\/\/www.w3.org\/1999\/xlink\" id=\"ios-checkmark-empty\" viewbox=\"0 0 207 512\"><path d=\"M74 330c-2 2-6 4-9 4s-7-2-9-4L0 274l18-18 47 47 125-126 17 18z\"><\/path><\/svg><\/span><\/div>\n  <span class=\"list-text d-block\"><span>Petits groupes<\/span><\/span>\n  <\/div>\n  <\/span>\n  <div class=\"list-container-divider d-flex justify-content-lg-center justify-content-md-center justify-content-center\" style=\"display: none;\">\n    <!---->\n  <\/div>\n  <div class=\"list-container-divider d-flex justify-content-lg-center justify-content-md-center justify-content-center last-el-spacer\"><\/div>\n<\/li>\n<\/ul>\n<\/div>\n<\/div>\n<\/div>\n<\/div>\n<div class=\"h-column h-column-container d-flex h-col-lg-auto h-col-md-auto h-col-auto style-9231-outer style-local-13034-c12-outer\">\n  <div data-colibri-id=\"13034-c12\" class=\"d-flex h-flex-basis h-column__inner h-px-lg-2 h-px-md-2 h-px-2 v-inner-lg-2 v-inner-md-2 v-inner-2 style-9231 style-local-13034-c12 position-relative\">\n    <!---->\n    <!---->\n    <div class=\"w-100 h-y-container h-column__content h-column__v-align flex-basis-100 align-self-lg-start align-self-md-start align-self-start\">\n      <!---->\n      <div data-colibri-id=\"13034-c13\" class=\"h-global-transition-all h-heading style-9240 style-local-13034-c13 position-relative h-element\">\n        <!---->\n        <div class=\"h-heading__outer style-9240 style-local-13034-c13\">\n          <!---->\n          <!---->\n          <h5 class=\"\">Rejoindre notre liste d'attente<\/h5>\n        <\/div>\n      <\/div>\n      <div data-colibri-id=\"13034-c14\" class=\"h-text h-text-component style-9241 style-local-13034-c14 position-relative h-element\">\n        <!---->\n        <!---->\n        <div class=\"\">\n          <p>Soyez le premier inform\u00e9 de l'ouverture des r\u00e9servations pour notre prochaine retraite en Octobre 2025 et b\u00e9n\u00e9ficiez d'informations sur le contenu et la structure du programme en avant-premi\u00e8re, de tarifs exclusifs, d'un cadeau de bienvenue offert, d'un acc\u00e8s prioritaire aux r\u00e9servations et d'offres sp\u00e9ciales.<\/p>\n        <\/div>\n      <\/div>\n      <div data-colibri-id=\"13034-c15\" class=\"style-9233 style-local-13034-c15 position-relative h-element\">\n        <!---->\n        <div class=\"\">[mailpoet_form id=&#8221;7&#8243;]<\/div>\n      <\/div>\n    <\/div>\n  <\/div>\n<\/div>\n<\/div>\n<\/div>\n<\/div>\n<\/div>\n<div data-colibri-component=\"section\" data-colibri-id=\"13034-c16\" id=\"custom-2\" class=\"h-section h-section-global-spacing d-flex align-items-lg-center align-items-md-center align-items-center style-9235 style-local-13034-c16 position-relative\">\n  <div class=\"background-wrapper\">\n    <div class=\"background-layer background-layer-media-container-lg\">\n      <!---->\n      <div class=\"overlay-layer\">\n        <div class=\"overlay-image-layer\" style=\"background-color: rgb(0, 0, 0); opacity: 0.5;\"><\/div>\n      <\/div>\n    <\/div>\n    <div class=\"background-layer background-layer-media-container-md\">\n      <!---->\n      <div class=\"overlay-layer\">\n        <div class=\"overlay-image-layer\" style=\"background-color: rgb(0, 0, 0); opacity: 0.5;\"><\/div>\n      <\/div>\n    <\/div>\n    <div class=\"background-layer background-layer-media-container\">\n      <!---->\n      <div class=\"overlay-layer\">\n        <div class=\"overlay-image-layer\" style=\"background-color: rgb(0, 0, 0); opacity: 0.5;\"><\/div>\n      <\/div>\n    <\/div>\n  <\/div>\n  <!---->\n  <div class=\"h-section-grid-container h-section-boxed-container\">\n    <!---->\n    <div data-colibri-id=\"13034-c17\" class=\"h-row-container gutters-row-lg-2 gutters-row-md-2 gutters-row-0 gutters-row-v-lg-2 gutters-row-v-md-2 gutters-row-v-2 style-9236 style-local-13034-c17 position-relative\">\n      <!---->\n      <div class=\"h-row justify-content-lg-center justify-content-md-center justify-content-center align-items-lg-stretch align-items-md-stretch align-items-stretch gutters-col-lg-2 gutters-col-md-2 gutters-col-0 gutters-col-v-lg-2 gutters-col-v-md-2 gutters-col-v-2\">\n        <!---->\n        <div class=\"h-column h-column-container d-flex h-col-lg-auto h-col-md-auto h-col-auto style-9237-outer style-local-13034-c18-outer\">\n          <div data-colibri-id=\"13034-c18\" class=\"d-flex h-flex-basis h-column__inner h-px-lg-2 h-px-md-2 h-px-2 v-inner-lg-2 v-inner-md-2 v-inner-2 style-9237 style-local-13034-c18 position-relative\">\n            <!---->\n            <!---->\n            <div class=\"w-100 h-y-container h-column__content h-column__v-align flex-basis-100 align-self-lg-start align-self-md-start align-self-start\">\n              <!---->\n              <div data-colibri-id=\"13034-c19\" class=\"h-global-transition-all h-heading style-9242 style-local-13034-c19 position-relative h-element\">\n                <!---->\n                <div class=\"h-heading__outer style-9242 style-local-13034-c19\">\n                  <!---->\n                  <!---->\n                  <h3 class=\"\">\"Votre r\u00e9g\u00e9n\u00e9ration\n                    <br> commence ici\"<\/h3>\n                <\/div>\n              <\/div>\n            <\/div>\n          <\/div>\n        <\/div>\n      <\/div>\n    <\/div>\n  <\/div>\n<\/div>\n<\/div>","protected":false},"excerpt":{"rendered":"<p>Our Signature Retreats Coming soon Experience the revolutionary AXO Method in an immersive wellness journey. Our carefully curated retreats combine our signature treatments with mindful movement, nourishing cuisine, and transformative experiences. Signature AXO Method treatments Expert-led movement sessions Hormone-balancing nutrition workshops Stress management techniques Luxury accommodation Small, intimate groups Join our waiting list Be the [&hellip;]<\/p>","protected":false},"author":1,"featured_media":0,"parent":0,"menu_order":0,"comment_status":"closed","ping_status":"closed","template":"page-templates\/full-width-page.php","meta":{"pmpro_default_level":"","footnotes":""},"class_list":["post-13034","page","type-page","status-publish","hentry","pmpro-has-access"],"_links":{"self":[{"href":"https:\/\/axomethod.com\/fr\/wp-json\/wp\/v2\/pages\/13034","targetHints":{"allow":["GET"]}}],"collection":[{"href":"https:\/\/axomethod.com\/fr\/wp-json\/wp\/v2\/pages"}],"about":[{"href":"https:\/\/axomethod.com\/fr\/wp-json\/wp\/v2\/types\/page"}],"author":[{"embeddable":true,"href":"https:\/\/axomethod.com\/fr\/wp-json\/wp\/v2\/users\/1"}],"replies":[{"embeddable":true,"href":"https:\/\/axomethod.com\/fr\/wp-json\/wp\/v2\/comments?post=13034"}],"version-history":[{"count":6,"href":"https:\/\/axomethod.com\/fr\/wp-json\/wp\/v2\/pages\/13034\/revisions"}],"predecessor-version":[{"id":15279,"href":"https:\/\/axomethod.com\/fr\/wp-json\/wp\/v2\/pages\/13034\/revisions\/15279"}],"wp:attachment":[{"href":"https:\/\/axomethod.com\/fr\/wp-json\/wp\/v2\/media?parent=13034"}],"curies":[{"name":"wp","href":"https:\/\/api.w.org\/{rel}","templated":true}]}}