{"id":11429,"date":"2024-10-28T11:02:31","date_gmt":"2024-10-28T10:02:31","guid":{"rendered":"https:\/\/axomethod.com\/?page_id=11429"},"modified":"2024-10-28T11:16:26","modified_gmt":"2024-10-28T10:16:26","slug":"on-a-besoin-de-votre-avis","status":"publish","type":"page","link":"https:\/\/axomethod.com\/fr\/on-a-besoin-de-votre-avis\/","title":{"rendered":"On a besoin de votre avis"},"content":{"rendered":"<div data-colibri-id=\"11429-c1\" class=\"style-8366 style-local-11429-c1 position-relative\">\n  <!---->\n  <div data-colibri-component=\"section\" data-colibri-id=\"11429-c2\" id=\"custom\" class=\"h-section h-section-global-spacing d-flex align-items-lg-center align-items-md-center align-items-center style-8367 style-local-11429-c2 position-relative\">\n    <!---->\n    <!---->\n    <div class=\"h-section-grid-container h-section-boxed-container\">\n      <div data-colibri-id=\"11429-c6\" class=\"h-row-container gutters-row-lg-2 gutters-row-md-2 gutters-row-0 gutters-row-v-lg-2 gutters-row-v-md-2 gutters-row-v-2 style-8371 style-local-11429-c6 position-relative\">\n        <!---->\n        <div class=\"h-row justify-content-lg-center justify-content-md-center justify-content-center align-items-lg-stretch align-items-md-stretch align-items-stretch gutters-col-lg-2 gutters-col-md-2 gutters-col-0 gutters-col-v-lg-2 gutters-col-v-md-2 gutters-col-v-2\">\n          <!---->\n          <div class=\"h-column h-column-container d-flex h-col-lg-auto h-col-md-auto h-col-auto style-8372-outer style-local-11429-c7-outer\">\n            <div data-colibri-id=\"11429-c7\" class=\"d-flex h-flex-basis h-column__inner h-px-lg-2 h-px-md-2 h-px-2 v-inner-lg-2 v-inner-md-2 v-inner-2 style-8372 style-local-11429-c7 position-relative\">\n              <!---->\n              <!---->\n              <div class=\"w-100 h-y-container h-column__content h-column__v-align flex-basis-100 align-self-lg-start align-self-md-start align-self-start\">\n                <!---->\n                <div data-colibri-id=\"11429-c8\" class=\"h-global-transition-all h-heading style-8373 style-local-11429-c8 position-relative h-element\">\n                  <!---->\n                  <div class=\"h-heading__outer style-8373 style-local-11429-c8\">\n                    <!---->\n                    <!---->\n                    <h2 class=\"\">On a besoin de votre avis<\/h2>\n                  <\/div>\n                <\/div>\n                <div data-colibri-id=\"11429-c9\" class=\"h-text h-text-component style-8374 style-local-11429-c9 position-relative h-element\">\n                  <!---->\n                  <!---->\n                  <div class=\"\">\n                    <p>Chers th\u00e9rapeutes AXO,<\/p>\n                    <p>Nous sommes en pleine restructuration de la m\u00e9thode AXO et nous aurions besoin de votre aide. <\/p>\n                    <p>Nous aimerions avoir votre avis sur le soutien que nous vous offrons. Chaque r\u00e9ponse est pr\u00e9cieuse et contribuera \u00e0 l&#8217;am\u00e9lioration de nos services. Votre participation est essentielle pour fa\u00e7onner l&#8217;avenir de la Famille AXO. Nous\n                      vous remercions d&#8217;avance pour votre temps et votre franchise.<\/p>\n                  <\/div>\n                <\/div>\n              <\/div>\n            <\/div>\n          <\/div>\n        <\/div>\n      <\/div>\n      <div data-colibri-id=\"11429-c3\" class=\"h-row-container gutters-row-lg-2 gutters-row-md-2 gutters-row-0 gutters-row-v-lg-2 gutters-row-v-md-2 gutters-row-v-2 style-8368 style-local-11429-c3 position-relative\">\n        <!---->\n        <div class=\"h-row justify-content-lg-center justify-content-md-center justify-content-center align-items-lg-stretch align-items-md-stretch align-items-stretch gutters-col-lg-2 gutters-col-md-2 gutters-col-0 gutters-col-v-lg-2 gutters-col-v-md-2 gutters-col-v-2\">\n          <!---->\n          <div class=\"h-column h-column-container d-flex h-col-lg-auto h-col-md-auto h-col-auto style-8369-outer style-local-11429-c4-outer\">\n            <div data-colibri-id=\"11429-c4\" class=\"d-flex h-flex-basis h-column__inner h-px-lg-2 h-px-md-2 h-px-2 v-inner-lg-2 v-inner-md-2 v-inner-2 style-8369 style-local-11429-c4 position-relative\">\n              <!---->\n              <!---->\n              <div class=\"w-100 h-y-container h-column__content h-column__v-align flex-basis-100 align-self-lg-start align-self-md-start align-self-start\">\n                <!---->\n                <div data-colibri-id=\"11429-c5\" class=\"style-8370 style-local-11429-c5 position-relative h-element\">\n                  <!---->\n                  <div class=\"\">[ays_survey id=&#8221;4&#8243;]<\/div>\n                <\/div>\n              <\/div>\n            <\/div>\n          <\/div>\n        <\/div>\n      <\/div>\n    <\/div>\n  <\/div>\n  <div data-colibri-component=\"section\" data-colibri-id=\"11429-c10\" id=\"custom-2\" class=\"h-section h-section-global-spacing d-flex align-items-lg-center align-items-md-center align-items-center style-8375 style-local-11429-c10 position-relative\">\n    <!---->\n    <!---->\n    <div class=\"h-section-grid-container h-section-boxed-container\">\n      <!---->\n      <div data-colibri-id=\"11429-c11\" class=\"h-row-container gutters-row-lg-2 gutters-row-md-2 gutters-row-0 gutters-row-v-lg-2 gutters-row-v-md-2 gutters-row-v-2 style-8376 style-local-11429-c11 position-relative\">\n        <!---->\n        <div class=\"h-row justify-content-lg-center justify-content-md-center justify-content-center align-items-lg-stretch align-items-md-stretch align-items-stretch gutters-col-lg-2 gutters-col-md-2 gutters-col-0 gutters-col-v-lg-2 gutters-col-v-md-2 gutters-col-v-2\">\n          <!---->\n          <div class=\"h-column h-column-container d-flex h-col-lg-auto h-col-md-auto h-col-auto style-8377-outer style-local-11429-c12-outer\">\n            <div data-colibri-id=\"11429-c12\" class=\"d-flex h-flex-basis h-column__inner h-ui-empty-state-container h-px-lg-2 h-px-md-2 h-px-2 v-inner-lg-2 v-inner-md-2 v-inner-2 style-8377 style-local-11429-c12 position-relative\">\n              <!---->\n              <!---->\n              <div class=\"w-100 h-y-container h-column__content h-column__v-align flex-basis-100\">\n                <!---->\n              <\/div>\n            <\/div>\n          <\/div>\n        <\/div>\n      <\/div>\n    <\/div>\n  <\/div>\n<\/div>","protected":false},"excerpt":{"rendered":"<p>On a besoin de votre avis Chers th\u00e9rapeutes AXO, Nous sommes en pleine restructuration de la m\u00e9thode AXO et nous aurions besoin de votre aide. Nous aimerions avoir votre avis sur le soutien que nous vous offrons. Chaque r\u00e9ponse est pr\u00e9cieuse et contribuera \u00e0 l&#8217;am\u00e9lioration de nos services. Votre participation est essentielle pour fa\u00e7onner l&#8217;avenir [&hellip;]<\/p>","protected":false},"author":1,"featured_media":0,"parent":0,"menu_order":0,"comment_status":"closed","ping_status":"closed","template":"page-templates\/full-width-page.php","meta":{"pmpro_default_level":"","footnotes":""},"class_list":["post-11429","page","type-page","status-publish","hentry","pmpro-has-access"],"_links":{"self":[{"href":"https:\/\/axomethod.com\/fr\/wp-json\/wp\/v2\/pages\/11429","targetHints":{"allow":["GET"]}}],"collection":[{"href":"https:\/\/axomethod.com\/fr\/wp-json\/wp\/v2\/pages"}],"about":[{"href":"https:\/\/axomethod.com\/fr\/wp-json\/wp\/v2\/types\/page"}],"author":[{"embeddable":true,"href":"https:\/\/axomethod.com\/fr\/wp-json\/wp\/v2\/users\/1"}],"replies":[{"embeddable":true,"href":"https:\/\/axomethod.com\/fr\/wp-json\/wp\/v2\/comments?post=11429"}],"version-history":[{"count":4,"href":"https:\/\/axomethod.com\/fr\/wp-json\/wp\/v2\/pages\/11429\/revisions"}],"predecessor-version":[{"id":11467,"href":"https:\/\/axomethod.com\/fr\/wp-json\/wp\/v2\/pages\/11429\/revisions\/11467"}],"wp:attachment":[{"href":"https:\/\/axomethod.com\/fr\/wp-json\/wp\/v2\/media?parent=11429"}],"curies":[{"name":"wp","href":"https:\/\/api.w.org\/{rel}","templated":true}]}}